{"id":1996,"date":"2019-05-25T14:47:35","date_gmt":"2019-05-25T11:47:35","guid":{"rendered":"https:\/\/www.etoleyksin.fi\/hemsida\/"},"modified":"2025-09-23T16:40:48","modified_gmt":"2025-09-23T13:40:48","slug":"hemsida","status":"publish","type":"page","link":"https:\/\/www.etoleyksin.fi\/sv\/","title":{"rendered":"Hemsida"},"content":{"rendered":"<div class=\"wpb-content-wrapper\">[mk_page_section bg_image=&#8221;https:\/\/www.etoleyksin.fi\/wp-content\/uploads\/2019\/05\/shutterstock_58757200.jpg&#8221; bg_position=&#8221;center center&#8221; bg_repeat=&#8221;no-repeat&#8221; bg_stretch=&#8221;true&#8221; video_color_mask=&#8221;#000000&#8243; video_opacity=&#8221;0.1&#8243; full_width=&#8221;true&#8221; has_bottom_shape_divider=&#8221;true&#8221; sidebar=&#8221;sidebar-1&#8243;][vc_column][mk_padding_divider size=&#8221;140&#8243;][mk_padding_divider size=&#8221;20&#8243; visibility=&#8221;visible-tl&#8221;][mk_padding_divider size=&#8221;60&#8243; visibility=&#8221;hidden-sm&#8221;][vc_row_inner][vc_column_inner width=&#8221;1\/6&#8243;][\/vc_column_inner][vc_column_inner width=&#8221;2\/3&#8243;][mk_custom_box bg_color=&#8221;rgba(0,0,0,0.3)&#8221;][mk_fancy_title strip_tags=&#8221;true&#8221; tag_name=&#8221;h1&#8243; color=&#8221;#ffffff&#8221; size=&#8221;34&#8243; force_font_size=&#8221;true&#8221; size_tablet=&#8221;30&#8243; size_phone=&#8221;24&#8243; font_weight=&#8221;bold&#8221; margin_bottom=&#8221;10&#8243; font_family=&#8221;none&#8221; align=&#8221;center&#8221;]Hobbyn ska vara trygga f\u00f6r alla[\/mk_fancy_title][\/mk_custom_box][\/vc_column_inner][vc_column_inner width=&#8221;1\/6&#8243;][\/vc_column_inner][\/vc_row_inner][mk_padding_divider size=&#8221;90&#8243;][mk_padding_divider size=&#8221;90&#8243; visibility=&#8221;hidden-sm&#8221;][\/vc_column][\/mk_page_section][vc_row][vc_column][mk_fancy_title strip_tags=&#8221;true&#8221; tag_name=&#8221;span&#8221; size=&#8221;18&#8243; margin_bottom=&#8221;0&#8243; font_family=&#8221;none&#8221; align=&#8221;center&#8221;]Befolkningsf\u00f6rbundets\u00a0 Du \u00e4r inte ensam -tj\u00e4nst fr\u00e4mjar allas r\u00e4tt till respektfullt och j\u00e4mlikt bem\u00f6tande och s\u00e4kerhet p\u00e5 hobbyverksamheter. Kontakta oss om du har upplevt eller bevittnat ol\u00e4mpligt beteende inom idrott eller andra hobbyverksamheter och vill prata i f\u00f6rtroende med n\u00e5gon om din upplevelse. Tillsammans kan vi diskutera hur du kan hantera situationen. Kontakten \u00e4r \u00f6ppen f\u00f6r idrottsut\u00f6vare i alla \u00e5ldrar, barn och ungdomar som ut\u00f6var andra hobbyn, v\u00e5rdnadshavare, idrottsinstrukt\u00f6rer och tr\u00e4nare samt anst\u00e4llda och volont\u00e4rer i klubbar, organisationer och idrottsf\u00f6rbund. Vi hj\u00e4lper och ger ocks\u00e5 r\u00e5d till dem som \u00e4r involverade i fritidsaktiviteter att ta i bruk policyer och material f\u00f6r att f\u00f6rebygga och hantera ol\u00e4mpligt beteende.<br \/>\n[\/mk_fancy_title][mk_fancy_title strip_tags=&#8221;true&#8221; tag_name=&#8221;span&#8221; color=&#8221;#75c157&#8243; size=&#8221;18&#8243; font_weight=&#8221;bold&#8221; margin_bottom=&#8221;0&#8243; font_family=&#8221;none&#8221; align=&#8221;center&#8221;][\/mk_fancy_title][mk_fancy_title strip_tags=&#8221;true&#8221; tag_name=&#8221;span&#8221; size=&#8221;18&#8243; font_weight=&#8221;bold&#8221; margin_bottom=&#8221;0&#8243; font_family=&#8221;none&#8221; align=&#8221;center&#8221;]#etoleyksin[\/mk_fancy_title][\/vc_column][\/vc_row][vc_row][vc_column][\/vc_column][\/vc_row][vc_row][vc_column][mk_custom_box padding_horizental=&#8221;40&#8243; bg_color=&#8221;#f2f2f2&#8243; bg_image=&#8221;https:\/\/www.etoleyksin.fi\/wp-content\/uploads\/2025\/01\/shutterstock_2064465068-scaled.jpg&#8221; background_hov_color_style=&#8221;image&#8221; overlay_color=&#8221;rgba(33,33,33,0.2)&#8221; bg_image_hov_effect=&#8221;blur&#8221; bg_stretch=&#8221;true&#8221;][mk_padding_divider size=&#8221;30&#8243;][mk_title_box color=&#8221;#000000&#8243; highlight_color=&#8221;#ffffff&#8221; highlight_opacity=&#8221;1&#8243; size=&#8221;22&#8243; margin_bottom=&#8221;10&#8243; font_family=&#8221;none&#8221; align=&#8221;center&#8221;]<a href=\"https:\/\/www.etoleyksin.fi\/sv\/vill-du-prata-med-oss\/\">Stora eller sm\u00e5 funderingar, ta kontakt &#8211; vi har tid att lyssna.<\/a>[\/mk_title_box][mk_title_box color=&#8221;#000000&#8243; highlight_color=&#8221;#ffffff&#8221; highlight_opacity=&#8221;1&#8243; margin_bottom=&#8221;10&#8243; font_family=&#8221;none&#8221; align=&#8221;center&#8221;][\/mk_title_box][mk_title_box color=&#8221;#000000&#8243; highlight_color=&#8221;#ffffff&#8221; highlight_opacity=&#8221;1&#8243; margin_bottom=&#8221;10&#8243; font_family=&#8221;none&#8221; align=&#8221;center&#8221;]<a href=\"https:\/\/www.etoleyksin.fi\/sv\/vill-du-prata-med-oss\/\">Om dejourtelefonen \u00e4r st\u00e4ngd kan du kontakta oss via v\u00e5r elektroniska brevl\u00e5da.<\/a>[\/mk_title_box][mk_padding_divider size=&#8221;30&#8243;][\/mk_custom_box][\/vc_column][\/vc_row][vc_row][vc_column][mk_custom_box padding_horizental=&#8221;40&#8243; bg_color=&#8221;#f2f2f2&#8243; bg_image=&#8221;https:\/\/www.etoleyksin.fi\/wp-content\/uploads\/2019\/05\/shutterstock_1365208748.jpg&#8221; background_hov_color_style=&#8221;image&#8221; overlay_color=&#8221;rgba(33,33,33,0.2)&#8221; bg_image_hov_effect=&#8221;blur&#8221; bg_stretch=&#8221;true&#8221;][mk_padding_divider size=&#8221;30&#8243;][mk_title_box color=&#8221;#000000&#8243; highlight_color=&#8221;#ffffff&#8221; highlight_opacity=&#8221;1&#8243; size=&#8221;22&#8243; margin_bottom=&#8221;10&#8243; font_family=&#8221;none&#8221; align=&#8221;center&#8221;]Vad \u00e4r osakligt beteende inom hobbyn?[\/mk_title_box][mk_title_box color=&#8221;#000000&#8243; highlight_color=&#8221;#ffffff&#8221; highlight_opacity=&#8221;1&#8243; margin_bottom=&#8221;10&#8243; font_family=&#8221;none&#8221; align=&#8221;center&#8221;][\/mk_title_box][mk_title_box color=&#8221;#000000&#8243; highlight_color=&#8221;#ffffff&#8221; highlight_opacity=&#8221;1&#8243; margin_bottom=&#8221;10&#8243; font_family=&#8221;none&#8221; align=&#8221;center&#8221;]<a href=\"https:\/\/www.etoleyksin.fi\/sv\/webbkurs\/\">Testa din kunskap med hj\u00e4lp av v\u00e5r n\u00e4tkurs!<\/a>[\/mk_title_box][mk_padding_divider size=&#8221;30&#8243;][\/mk_custom_box][\/vc_column][\/vc_row][vc_row][vc_column][mk_custom_box padding_horizental=&#8221;0&#8243; bg_image=&#8221;https:\/\/www.etoleyksin.fi\/wp-content\/uploads\/2019\/01\/kysymys4.jpg&#8221; background_hov_color_style=&#8221;image&#8221; overlay_color=&#8221;rgba(0,0,0,0.2)&#8221; bg_image_hov_effect=&#8221;blur&#8221; bg_stretch=&#8221;true&#8221;][mk_padding_divider size=&#8221;20&#8243;][mk_padding_divider size=&#8221;10&#8243; visibility=&#8221;visible-dt&#8221;][vc_icon icon_fontawesome=&#8221;fa fa-file-text-o&#8221; color=&#8221;white&#8221; align=&#8221;center&#8221; css=&#8221;.vc_custom_1602570988096{margin-bottom: 5px !important;}&#8221;][mk_title_box color=&#8221;#000000&#8243; highlight_color=&#8221;#ffffff&#8221; highlight_opacity=&#8221;1&#8243; size=&#8221;22&#8243; margin_bottom=&#8221;10&#8243; font_family=&#8221;none&#8221; align=&#8221;center&#8221;]Materialbank[\/mk_title_box][mk_padding_divider size=&#8221;10&#8243;][mk_button dimension=&#8221;two&#8221; size=&#8221;medium&#8221; url=&#8221;\/materiaalipankki\/&#8221; align=&#8221;center&#8221; margin_bottom=&#8221;0&#8243; margin_right=&#8221;0&#8243; bg_color=&#8221;#ffffff&#8221; text_color=&#8221;dark&#8221;]Kostnadsfritt material f\u00f6r att f\u00f6rebygga och ta itu med osakligt beteende inom hobbyverksamheter.[\/mk_button][mk_padding_divider size=&#8221;30&#8243;][mk_padding_divider size=&#8221;10&#8243; visibility=&#8221;visible-dt&#8221;][\/mk_custom_box][\/vc_column][\/vc_row][vc_row visibility=&#8221;visible-dt&#8221;][vc_column][mk_padding_divider size=&#8221;20&#8243;][\/vc_column][\/vc_row][vc_row][vc_column width=&#8221;1\/2&#8243;][\/vc_column][vc_column width=&#8221;1\/2&#8243;][\/vc_column][\/vc_row][vc_row visibility=&#8221;visible-dt&#8221;][vc_column][\/vc_column][\/vc_row][vc_row disable_element=&#8221;yes&#8221;][vc_column][mk_custom_box bg_image=&#8221;https:\/\/www.etoleyksin.fi\/wp-content\/uploads\/2019\/01\/kysymys-3.jpg&#8221; background_hov_color_style=&#8221;image&#8221; overlay_color=&#8221;rgba(0,0,0,0.2)&#8221; bg_image_hov_effect=&#8221;blur&#8221; bg_stretch=&#8221;true&#8221;][mk_padding_divider size=&#8221;30&#8243;][vc_icon icon_fontawesome=&#8221;fa fa-info&#8221; color=&#8221;white&#8221; align=&#8221;center&#8221; css=&#8221;.vc_custom_1605102036091{margin-bottom: 5px !important;margin-left: -20px !important;}&#8221;][mk_title_box color=&#8221;#000000&#8243; highlight_color=&#8221;#ffffff&#8221; highlight_opacity=&#8221;1&#8243; size=&#8221;22&#8243; margin_bottom=&#8221;10&#8243; font_family=&#8221;none&#8221; align=&#8221;center&#8221;]Det \u00e4r helt gratis f\u00f6r dig att chatta. Telefonsamtal kostar enligt priss\u00e4ttningen i ditt telefonabonnemang.[\/mk_title_box][mk_title_box color=&#8221;#000000&#8243; highlight_color=&#8221;#ffffff&#8221; highlight_opacity=&#8221;1&#8243; size=&#8221;20&#8243; margin_bottom=&#8221;10&#8243; font_family=&#8221;none&#8221; align=&#8221;center&#8221;]Vi fr\u00e5gar inte efter dina personuppgifter eller efter annan information. Det \u00e4r alltid en sakkunnig p\u00e5 Du \u00e4r inte ensam -tj\u00e4nsten som svarar. Vi bandar inte in samtalen.[\/mk_title_box][mk_title_box color=&#8221;#000000&#8243; highlight_color=&#8221;#ffffff&#8221; highlight_opacity=&#8221;1&#8243; size=&#8221;20&#8243; margin_bottom=&#8221;0&#8243; font_family=&#8221;none&#8221; align=&#8221;center&#8221;][\/mk_title_box][mk_padding_divider size=&#8221;30&#8243;][\/mk_custom_box][\/vc_column][\/vc_row][vc_row visibility=&#8221;visible-dt&#8221;][vc_column width=&#8221;1\/2&#8243;][mk_custom_box padding_horizental=&#8221;100&#8243; bg_image=&#8221;https:\/\/www.etoleyksin.fi\/wp-content\/uploads\/2019\/01\/kysymys-3.jpg&#8221; background_hov_color_style=&#8221;image&#8221; overlay_color=&#8221;rgba(0,0,0,0.6)&#8221; bg_image_hov_effect=&#8221;blur&#8221; bg_stretch=&#8221;true&#8221;][mk_padding_divider size=&#8221;30&#8243;][vc_icon icon_fontawesome=&#8221;fa fa-info&#8221; color=&#8221;white&#8221; css=&#8221;.vc_custom_1558769709217{margin-bottom: 5px !important;margin-left: -20px !important;}&#8221;][mk_fancy_title strip_tags=&#8221;true&#8221; color=&#8221;#ffffff&#8221; size=&#8221;22&#8243; font_weight=&#8221;400&#8243; letter_spacing=&#8221;1&#8243; margin_top=&#8221;20&#8243; margin_bottom=&#8221;34&#8243; font_family=&#8221;none&#8221; drop_shadow=&#8221;true&#8221; shadow_color=&#8221;#000000&#8243;]\n<h2><strong>Tillsamman kan vi jobba f\u00f6r tryggare hobbyn!<\/strong><\/h2>\n<p><a href=\"https:\/\/www.dropbox.com\/scl\/fo\/5zgae7fzx0y4km0cmahj4\/ANqp-XlpQ6rsKagOQWQwkAs?rlkey=0us6rmn9ohqchxyy81ou5earp&amp;e=1&amp;st=auvge1p8&amp;dl=0\">Ladda ner och printa ut<\/a> v\u00e5ra affischer och s\u00e4tt upp dem p\u00e5 v\u00e4ggar i omkl\u00e4dningsrum, toaletter eller m\u00f6tesrum.[\/mk_fancy_title][mk_button size=&#8221;large&#8221; icon=&#8221;mk-icon-files-o&#8221; url=&#8221;https:\/\/www.dropbox.com\/sh\/kqygbdxatzmchqq\/AABmzBVcCYUPUMTR9cpNomjna?dl=0&#8243; align=&#8221;center&#8221; bg_color=&#8221;#20b0e5&#8243;]Ladda ner affischer h\u00e4r[\/mk_button][mk_fancy_title strip_tags=&#8221;true&#8221; tag_name=&#8221;span&#8221; color=&#8221;#ffffff&#8221; size=&#8221;18&#8243; margin_bottom=&#8221;0&#8243; font_family=&#8221;none&#8221;][\/mk_fancy_title][mk_padding_divider size=&#8221;30&#8243;][\/mk_custom_box][\/vc_column][vc_column width=&#8221;1\/2&#8243;][vc_single_image image=&#8221;3933&#8243; img_size=&#8221;full&#8221; css=&#8221;&#8221;][\/vc_column][\/vc_row][vc_row][vc_column][mk_padding_divider size=&#8221;10&#8243; visibility=&#8221;visible-tl&#8221;][\/vc_column][\/vc_row][vc_row][vc_column][mk_padding_divider size=&#8221;20&#8243; visibility=&#8221;hidden-sm&#8221;][\/vc_column][\/vc_row][vc_row][vc_column][mk_padding_divider visibility=&#8221;hidden-tl&#8221;][mk_padding_divider visibility=&#8221;hidden-sm&#8221;][\/vc_column][\/vc_row][vc_row][vc_column][mk_padding_divider size=&#8221;20&#8243; visibility=&#8221;hidden-tl&#8221;][mk_padding_divider visibility=&#8221;hidden-sm&#8221;][vc_video link=&#8221;https:\/\/www.youtube.com\/watch?v=xeWFoOM8OFM&#8221;][mk_padding_divider][mk_padding_divider][\/vc_column][\/vc_row][vc_row fullwidth=&#8221;true&#8221; disable_element=&#8221;yes&#8221; css=&#8221;.vc_custom_1605101277579{background-image: url(https:\/\/www.etoleyksin.fi\/wp-content\/uploads\/2019\/05\/milestones.jpg?id=1153) !important;background-position: center !important;background-repeat: no-repeat !important;background-size: cover !important;}&#8221;][vc_column][mk_custom_box bg_stretch=&#8221;true&#8221;][mk_padding_divider size=&#8221;20&#8243;][mk_padding_divider visibility=&#8221;hidden-tl&#8221;][mk_padding_divider size=&#8221;80&#8243; visibility=&#8221;hidden-sm&#8221;][vc_row_inner][vc_column_inner width=&#8221;1\/3&#8243;][mk_title_box color=&#8221;#000000&#8243; highlight_color=&#8221;#ffffff&#8221; highlight_opacity=&#8221;1&#8243; size=&#8221;22&#8243; margin_bottom=&#8221;0&#8243; font_family=&#8221;none&#8221; align=&#8221;center&#8221;]Tolerans f\u00f6r mobbning och diskriminering[\/mk_title_box][mk_padding_divider size=&#8221;20&#8243;][mk_title_box color=&#8221;#000000&#8243; highlight_color=&#8221;#ffffff&#8221; highlight_opacity=&#8221;1&#8243; size=&#8221;22&#8243; margin_bottom=&#8221;0&#8243; font_family=&#8221;none&#8221; align=&#8221;center&#8221;]0[\/mk_title_box][mk_padding_divider size=&#8221;20&#8243; visibility=&#8221;visible-sm&#8221;][\/vc_column_inner][vc_column_inner width=&#8221;1\/3&#8243;][mk_title_box color=&#8221;#000000&#8243; highlight_color=&#8221;#ffffff&#8221; highlight_opacity=&#8221;1&#8243; size=&#8221;22&#8243; margin_bottom=&#8221;0&#8243; font_family=&#8221;none&#8221; align=&#8221;center&#8221;]\n<p id=\"fancy-title-152\" class=\"mk-fancy-title simple-style color-single\" style=\"text-align: left;\">Barn och unga som upplevt inom idrotten<\/p>\n[\/mk_title_box][mk_padding_divider size=&#8221;20&#8243;][mk_title_box color=&#8221;#000000&#8243; highlight_color=&#8221;#ffffff&#8221; highlight_opacity=&#8221;1&#8243; size=&#8221;22&#8243; margin_bottom=&#8221;0&#8243; font_family=&#8221;none&#8221; align=&#8221;center&#8221;]13%[\/mk_title_box][mk_padding_divider size=&#8221;20&#8243; visibility=&#8221;visible-sm&#8221;][\/vc_column_inner][vc_column_inner width=&#8221;1\/3&#8243;][mk_fancy_title strip_tags=&#8221;true&#8221; color=&#8221;#ffffff&#8221; size=&#8221;16&#8243; margin_bottom=&#8221;0&#8243; font_family=&#8221;none&#8221; align=&#8221;center&#8221;]Bland grundskoleeleverna hade f\u00f6ljande upplevt sexuella trakasserier i samband med fritidshobbyn[\/mk_fancy_title][vc_separator color=&#8221;white&#8221; border_width=&#8221;2&#8243; el_width=&#8221;30&#8243; css=&#8221;.vc_custom_1558783139578{margin-top: -10px !important;margin-bottom: 10px !important;}&#8221;][mk_fancy_title strip_tags=&#8221;true&#8221; color=&#8221;#ffffff&#8221; size=&#8221;50&#8243; margin_bottom=&#8221;0&#8243; font_family=&#8221;none&#8221; align=&#8221;center&#8221;]2%[\/mk_fancy_title][mk_padding_divider size=&#8221;20&#8243; visibility=&#8221;visible-sm&#8221;][\/vc_column_inner][\/vc_row_inner][mk_padding_divider visibility=&#8221;visible-dt&#8221;][mk_padding_divider size=&#8221;60&#8243; visibility=&#8221;hidden-sm&#8221;][\/mk_custom_box][\/vc_column][\/vc_row][vc_row fullwidth=&#8221;true&#8221; css=&#8221;.vc_custom_1558770088403{background-image: url(https:\/\/www.etoleyksin.fi\/wp-content\/uploads\/2019\/05\/milestones.jpg?id=1153) !important;background-position: center !important;background-repeat: no-repeat !important;background-size: cover !important;}&#8221;][vc_column][mk_custom_box bg_stretch=&#8221;true&#8221;][mk_padding_divider size=&#8221;20&#8243;][mk_padding_divider visibility=&#8221;hidden-tl&#8221;][mk_padding_divider size=&#8221;80&#8243; visibility=&#8221;hidden-sm&#8221;][vc_row_inner][vc_column_inner width=&#8221;1\/2&#8243;][mk_title_box color=&#8221;#000000&#8243; highlight_color=&#8221;#ffffff&#8221; highlight_opacity=&#8221;1&#8243; size=&#8221;22&#8243; margin_bottom=&#8221;0&#8243; font_family=&#8221;none&#8221; align=&#8221;center&#8221;]13% av barn och unga har upplevt mobbning inom sin idrottshobby.[\/mk_title_box][mk_padding_divider size=&#8221;20&#8243;][mk_title_box color=&#8221;#000000&#8243; highlight_color=&#8221;#ffffff&#8221; highlight_opacity=&#8221;1&#8243; size=&#8221;22&#8243; margin_bottom=&#8221;0&#8243; font_family=&#8221;none&#8221; align=&#8221;center&#8221;][\/mk_title_box][mk_padding_divider visibility=&#8221;visible-sm&#8221;][\/vc_column_inner][vc_column_inner width=&#8221;1\/2&#8243;][mk_title_box color=&#8221;#000000&#8243; highlight_color=&#8221;#ffffff&#8221; highlight_opacity=&#8221;1&#8243; size=&#8221;22&#8243; margin_bottom=&#8221;0&#8243; font_family=&#8221;none&#8221; align=&#8221;center&#8221;]7 % av unga som slutat med sin hobby f\u00f6r att de har upplevt mobbning, diskriminering eller osakligt beteende.[\/mk_title_box][mk_padding_divider size=&#8221;20&#8243;][mk_title_box color=&#8221;#000000&#8243; highlight_color=&#8221;#ffffff&#8221; highlight_opacity=&#8221;1&#8243; size=&#8221;22&#8243; margin_bottom=&#8221;0&#8243; font_family=&#8221;none&#8221; align=&#8221;center&#8221;][\/mk_title_box][mk_padding_divider visibility=&#8221;visible-sm&#8221;][\/vc_column_inner][\/vc_row_inner][mk_padding_divider visibility=&#8221;visible-dt&#8221;][mk_padding_divider size=&#8221;60&#8243; visibility=&#8221;hidden-sm&#8221;][\/mk_custom_box][\/vc_column][\/vc_row]\n<\/div>","protected":false},"excerpt":{"rendered":"<p>[mk_page_section bg_image=&#8221;https:\/\/www.etoleyksin.fi\/wp-content\/uploads\/2019\/05\/shutterstock_58757200.jpg&#8221; bg_position=&#8221;center center&#8221; bg_repeat=&#8221;no-repeat&#8221; bg_stretch=&#8221;true&#8221; video_color_mask=&#8221;#000000&#8243; video_opacity=&#8221;0.1&#8243; full_width=&#8221;true&#8221; has_bottom_shape_divider=&#8221;true&#8221; sidebar=&#8221;sidebar-1&#8243;][vc_column][mk_padding_divider size=&#8221;140&#8243;][mk_padding_divider size=&#8221;20&#8243; visibility=&#8221;visible-tl&#8221;][mk_padding_divider size=&#8221;60&#8243; visibility=&#8221;hidden-sm&#8221;][vc_row_inner][vc_column_inner width=&#8221;1\/6&#8243;][\/vc_column_inner][vc_column_inner width=&#8221;2\/3&#8243;][mk_custom_box bg_color=&#8221;rgba(0,0,0,0.3)&#8221;][mk_fancy_title strip_tags=&#8221;true&#8221; tag_name=&#8221;h1&#8243; color=&#8221;#ffffff&#8221; size=&#8221;34&#8243; force_font_size=&#8221;true&#8221; size_tablet=&#8221;30&#8243; size_phone=&#8221;24&#8243; font_weight=&#8221;bold&#8221; margin_bottom=&#8221;10&#8243; font_family=&#8221;none&#8221; align=&#8221;center&#8221;]Hobbyn ska vara trygga f\u00f6r alla[\/mk_fancy_title][\/mk_custom_box][\/vc_column_inner][vc_column_inner width=&#8221;1\/6&#8243;][\/vc_column_inner][\/vc_row_inner][mk_padding_divider size=&#8221;90&#8243;][mk_padding_divider size=&#8221;90&#8243; visibility=&#8221;hidden-sm&#8221;][\/vc_column][\/mk_page_section][vc_row][vc_column][mk_fancy_title strip_tags=&#8221;true&#8221; tag_name=&#8221;span&#8221; size=&#8221;18&#8243; margin_bottom=&#8221;0&#8243; font_family=&#8221;none&#8221; align=&#8221;center&#8221;]Befolkningsf\u00f6rbundets\u00a0 Du \u00e4r inte ensam -tj\u00e4nst fr\u00e4mjar allas r\u00e4tt till respektfullt [&hellip;]<\/p>\n","protected":false},"author":1,"featured_media":0,"parent":0,"menu_order":0,"comment_status":"closed","ping_status":"closed","template":"","meta":{"_uf_show_specific_survey":0,"_uf_disable_surveys":false,"footnotes":""},"class_list":["post-1996","page","type-page","status-publish","hentry"],"yoast_head":"<!-- This site is optimized with the Yoast SEO plugin v27.4 - https:\/\/yoast.com\/product\/yoast-seo-wordpress\/ -->\n<title>Hemsida - Et ole yksin tj\u00e4nsten fr\u00e4mjar barn och ungas trygga hobbyn<\/title>\n<meta name=\"description\" content=\"Har du varit med om osakligt beteende eller trakasserier i din hobby? Ta kontakt med Du \u00e4r inte ensam -tj\u00e4nsten.\" \/>\n<meta name=\"robots\" content=\"index, follow, max-snippet:-1, max-image-preview:large, max-video-preview:-1\" \/>\n<link rel=\"canonical\" href=\"https:\/\/www.etoleyksin.fi\/sv\/\" \/>\n<meta property=\"og:locale\" content=\"sv_SE\" \/>\n<meta property=\"og:type\" content=\"article\" \/>\n<meta property=\"og:title\" content=\"Hemsida - Et ole yksin tj\u00e4nsten fr\u00e4mjar barn och ungas trygga hobbyn\" \/>\n<meta property=\"og:description\" content=\"Har du varit med om osakligt beteende eller trakasserier i din hobby? Ta kontakt med Du \u00e4r inte ensam -tj\u00e4nsten.\" \/>\n<meta property=\"og:url\" content=\"https:\/\/www.etoleyksin.fi\/sv\/\" \/>\n<meta property=\"og:site_name\" content=\"Et ole yksin\" \/>\n<meta property=\"article:modified_time\" content=\"2025-09-23T13:40:48+00:00\" \/>\n<meta property=\"og:image\" content=\"https:\/\/www.etoleyksin.fi\/wp-content\/uploads\/2019\/05\/shutterstock_58757200.jpg\" \/>\n\t<meta property=\"og:image:width\" content=\"1900\" \/>\n\t<meta property=\"og:image:height\" content=\"1267\" \/>\n\t<meta property=\"og:image:type\" content=\"image\/jpeg\" \/>\n<meta name=\"twitter:card\" content=\"summary_large_image\" \/>\n<meta name=\"twitter:label1\" content=\"Ber\u00e4knad l\u00e4stid\" \/>\n\t<meta name=\"twitter:data1\" content=\"5 minuter\" \/>\n<script type=\"application\/ld+json\" class=\"yoast-schema-graph\">{\"@context\":\"https:\\\/\\\/schema.org\",\"@graph\":[{\"@type\":\"WebPage\",\"@id\":\"https:\\\/\\\/www.etoleyksin.fi\\\/sv\\\/\",\"url\":\"https:\\\/\\\/www.etoleyksin.fi\\\/sv\\\/\",\"name\":\"Hemsida - Et ole yksin tj\u00e4nsten fr\u00e4mjar barn och ungas trygga hobbyn\",\"isPartOf\":{\"@id\":\"https:\\\/\\\/www.etoleyksin.fi\\\/#website\"},\"datePublished\":\"2019-05-25T11:47:35+00:00\",\"dateModified\":\"2025-09-23T13:40:48+00:00\",\"description\":\"Har du varit med om osakligt beteende eller trakasserier i din hobby? Ta kontakt med Du \u00e4r inte ensam -tj\u00e4nsten.\",\"breadcrumb\":{\"@id\":\"https:\\\/\\\/www.etoleyksin.fi\\\/sv\\\/#breadcrumb\"},\"inLanguage\":\"sv-SE\",\"potentialAction\":[{\"@type\":\"ReadAction\",\"target\":[\"https:\\\/\\\/www.etoleyksin.fi\\\/sv\\\/\"]}]},{\"@type\":\"BreadcrumbList\",\"@id\":\"https:\\\/\\\/www.etoleyksin.fi\\\/sv\\\/#breadcrumb\",\"itemListElement\":[{\"@type\":\"ListItem\",\"position\":1,\"name\":\"Home\",\"item\":\"https:\\\/\\\/www.etoleyksin.fi\\\/sv\\\/\"},{\"@type\":\"ListItem\",\"position\":2,\"name\":\"Hemsida\"}]},{\"@type\":\"WebSite\",\"@id\":\"https:\\\/\\\/www.etoleyksin.fi\\\/#website\",\"url\":\"https:\\\/\\\/www.etoleyksin.fi\\\/\",\"name\":\"Et ole yksin\",\"description\":\"Et ole yksin on palvelu ep\u00e4asiallista k\u00e4ytt\u00e4ytymist\u00e4, h\u00e4irint\u00e4\u00e4 tai v\u00e4kivaltaa urheilussa kohdanneille.\",\"potentialAction\":[{\"@type\":\"SearchAction\",\"target\":{\"@type\":\"EntryPoint\",\"urlTemplate\":\"https:\\\/\\\/www.etoleyksin.fi\\\/?s={search_term_string}\"},\"query-input\":{\"@type\":\"PropertyValueSpecification\",\"valueRequired\":true,\"valueName\":\"search_term_string\"}}],\"inLanguage\":\"sv-SE\"}]}<\/script>\n<!-- \/ Yoast SEO plugin. -->","yoast_head_json":{"title":"Hemsida - Et ole yksin tj\u00e4nsten fr\u00e4mjar barn och ungas trygga hobbyn","description":"Har du varit med om osakligt beteende eller trakasserier i din hobby? Ta kontakt med Du \u00e4r inte ensam -tj\u00e4nsten.","robots":{"index":"index","follow":"follow","max-snippet":"max-snippet:-1","max-image-preview":"max-image-preview:large","max-video-preview":"max-video-preview:-1"},"canonical":"https:\/\/www.etoleyksin.fi\/sv\/","og_locale":"sv_SE","og_type":"article","og_title":"Hemsida - Et ole yksin tj\u00e4nsten fr\u00e4mjar barn och ungas trygga hobbyn","og_description":"Har du varit med om osakligt beteende eller trakasserier i din hobby? Ta kontakt med Du \u00e4r inte ensam -tj\u00e4nsten.","og_url":"https:\/\/www.etoleyksin.fi\/sv\/","og_site_name":"Et ole yksin","article_modified_time":"2025-09-23T13:40:48+00:00","og_image":[{"width":1900,"height":1267,"url":"https:\/\/www.etoleyksin.fi\/wp-content\/uploads\/2019\/05\/shutterstock_58757200.jpg","type":"image\/jpeg"}],"twitter_card":"summary_large_image","twitter_misc":{"Ber\u00e4knad l\u00e4stid":"5 minuter"},"schema":{"@context":"https:\/\/schema.org","@graph":[{"@type":"WebPage","@id":"https:\/\/www.etoleyksin.fi\/sv\/","url":"https:\/\/www.etoleyksin.fi\/sv\/","name":"Hemsida - Et ole yksin tj\u00e4nsten fr\u00e4mjar barn och ungas trygga hobbyn","isPartOf":{"@id":"https:\/\/www.etoleyksin.fi\/#website"},"datePublished":"2019-05-25T11:47:35+00:00","dateModified":"2025-09-23T13:40:48+00:00","description":"Har du varit med om osakligt beteende eller trakasserier i din hobby? Ta kontakt med Du \u00e4r inte ensam -tj\u00e4nsten.","breadcrumb":{"@id":"https:\/\/www.etoleyksin.fi\/sv\/#breadcrumb"},"inLanguage":"sv-SE","potentialAction":[{"@type":"ReadAction","target":["https:\/\/www.etoleyksin.fi\/sv\/"]}]},{"@type":"BreadcrumbList","@id":"https:\/\/www.etoleyksin.fi\/sv\/#breadcrumb","itemListElement":[{"@type":"ListItem","position":1,"name":"Home","item":"https:\/\/www.etoleyksin.fi\/sv\/"},{"@type":"ListItem","position":2,"name":"Hemsida"}]},{"@type":"WebSite","@id":"https:\/\/www.etoleyksin.fi\/#website","url":"https:\/\/www.etoleyksin.fi\/","name":"Et ole yksin","description":"Et ole yksin on palvelu ep\u00e4asiallista k\u00e4ytt\u00e4ytymist\u00e4, h\u00e4irint\u00e4\u00e4 tai v\u00e4kivaltaa urheilussa kohdanneille.","potentialAction":[{"@type":"SearchAction","target":{"@type":"EntryPoint","urlTemplate":"https:\/\/www.etoleyksin.fi\/?s={search_term_string}"},"query-input":{"@type":"PropertyValueSpecification","valueRequired":true,"valueName":"search_term_string"}}],"inLanguage":"sv-SE"}]}},"_links":{"self":[{"href":"https:\/\/www.etoleyksin.fi\/sv\/wp-json\/wp\/v2\/pages\/1996","targetHints":{"allow":["GET"]}}],"collection":[{"href":"https:\/\/www.etoleyksin.fi\/sv\/wp-json\/wp\/v2\/pages"}],"about":[{"href":"https:\/\/www.etoleyksin.fi\/sv\/wp-json\/wp\/v2\/types\/page"}],"author":[{"embeddable":true,"href":"https:\/\/www.etoleyksin.fi\/sv\/wp-json\/wp\/v2\/users\/1"}],"replies":[{"embeddable":true,"href":"https:\/\/www.etoleyksin.fi\/sv\/wp-json\/wp\/v2\/comments?post=1996"}],"version-history":[{"count":24,"href":"https:\/\/www.etoleyksin.fi\/sv\/wp-json\/wp\/v2\/pages\/1996\/revisions"}],"predecessor-version":[{"id":3935,"href":"https:\/\/www.etoleyksin.fi\/sv\/wp-json\/wp\/v2\/pages\/1996\/revisions\/3935"}],"wp:attachment":[{"href":"https:\/\/www.etoleyksin.fi\/sv\/wp-json\/wp\/v2\/media?parent=1996"}],"curies":[{"name":"wp","href":"https:\/\/api.w.org\/{rel}","templated":true}]}}