{"id":2945,"date":"2022-05-03T08:10:40","date_gmt":"2022-05-03T05:10:40","guid":{"rendered":"https:\/\/www.etoleyksin.fi\/webbkurs\/"},"modified":"2024-08-14T14:37:06","modified_gmt":"2024-08-14T11:37:06","slug":"webbkurs","status":"publish","type":"page","link":"https:\/\/www.etoleyksin.fi\/sv\/webbkurs\/","title":{"rendered":"Webbkurs"},"content":{"rendered":"<div class=\"wpb-content-wrapper\">[mk_page_section bg_image=&#8221;https:\/\/www.etoleyksin.fi\/wp-content\/uploads\/2019\/05\/shutterstock_445231189.jpg&#8221; bg_position=&#8221;center center&#8221; bg_repeat=&#8221;no-repeat&#8221; bg_stretch=&#8221;true&#8221; video_color_mask=&#8221;#000000&#8243; video_opacity=&#8221;0.1&#8243; full_width=&#8221;true&#8221; has_bottom_shape_divider=&#8221;true&#8221; sidebar=&#8221;sidebar-1&#8243;][vc_column][mk_padding_divider size=&#8221;140&#8243;][mk_padding_divider size=&#8221;20&#8243; visibility=&#8221;visible-tl&#8221;][mk_padding_divider size=&#8221;60&#8243; visibility=&#8221;hidden-sm&#8221;][vc_row_inner visibility=&#8221;visible-tl&#8221;][vc_column_inner width=&#8221;1\/6&#8243;][\/vc_column_inner][vc_column_inner width=&#8221;2\/3&#8243;][mk_custom_box margin_bottom=&#8221;0&#8243; min_height=&#8221;0&#8243; bg_color=&#8221;rgba(0,0,0,0.3)&#8221;][mk_fancy_title strip_tags=&#8221;true&#8221; tag_name=&#8221;h1&#8243; color=&#8221;#ffffff&#8221; size=&#8221;34&#8243; force_font_size=&#8221;true&#8221; size_tablet=&#8221;30&#8243; size_phone=&#8221;25&#8243; font_weight=&#8221;bold&#8221; margin_bottom=&#8221;10&#8243; font_family=&#8221;none&#8221; align=&#8221;center&#8221;]Webbkurs[\/mk_fancy_title][\/mk_custom_box][\/vc_column_inner][vc_column_inner width=&#8221;1\/6&#8243;][\/vc_column_inner][\/vc_row_inner][vc_row_inner visibility=&#8221;hidden-tl&#8221;][vc_column_inner width=&#8221;1\/3&#8243;][\/vc_column_inner][vc_column_inner width=&#8221;1\/3&#8243;][mk_custom_box margin_bottom=&#8221;0&#8243; min_height=&#8221;0&#8243; bg_color=&#8221;rgba(0,0,0,0.3)&#8221;][mk_fancy_title strip_tags=&#8221;true&#8221; tag_name=&#8221;h1&#8243; color=&#8221;#ffffff&#8221; size=&#8221;34&#8243; force_font_size=&#8221;true&#8221; size_tablet=&#8221;30&#8243; size_phone=&#8221;25&#8243; font_weight=&#8221;bold&#8221; margin_bottom=&#8221;10&#8243; font_family=&#8221;none&#8221; align=&#8221;center&#8221;]Webbkurs[\/mk_fancy_title][\/mk_custom_box][\/vc_column_inner][vc_column_inner width=&#8221;1\/3&#8243;][\/vc_column_inner][\/vc_row_inner][mk_padding_divider size=&#8221;90&#8243;][mk_padding_divider size=&#8221;90&#8243; visibility=&#8221;hidden-sm&#8221;][\/vc_column][\/mk_page_section][vc_row][vc_column][mk_padding_divider size=&#8221;50&#8243; visibility=&#8221;hidden-sm&#8221;][mk_padding_divider visibility=&#8221;hidden-tl&#8221;][\/vc_column][\/vc_row][vc_row][vc_column][mk_fancy_title tag_name=&#8221;span&#8221; size=&#8221;18&#8243; margin_bottom=&#8221;0&#8243; font_family=&#8221;none&#8221; align=&#8221;center&#8221;]\n<p style=\"text-align: center;\">Et ole yksin -webbkurs erbjuder tr\u00e4nare och andra aktiva inom idrottsf\u00f6reningar verktyg f\u00f6r osakligt beteende, trakasserier och v\u00e5ld. I kursen g\u00e5s igenom olika teman som till exempel psykiskt och fysiskt v\u00e5ld och mobbning, sexuella trakasserier, sexualbrott mot barn, barnskydd och coachande som f\u00f6rst\u00e4rker sj\u00e4lvbest\u00e4mmander\u00e4tten. Kursen inneh\u00e5ller olika \u00f6vningar och uppgifter.<\/p>\n<p style=\"text-align: center;\">N\u00e4tkursen \u00e4r gratis och \u00f6ppen f\u00f6r alla. Kursen \u00e4r speciellt avsedd f\u00f6r idrottsf\u00f6reningarnas tr\u00e4nare, anst\u00e4llda och frivilliga. Webbkursen tar ca en timme och du kan utf\u00f6ra den i delar. Genom att klicka &#8221;B\u00f6rja&#8221; omdirigeras du till en annan sida f\u00f6r att utf\u00f6ra kursen. Webbkursen kr\u00e4ver inloggning.<\/p>\n<p style=\"text-align: center;\"><strong>Trevliga kursstunder!<\/strong><\/p>\n[\/mk_fancy_title][mk_padding_divider size=&#8221;20&#8243;][\/vc_column][\/vc_row][vc_row fullwidth=&#8221;true&#8221; fullwidth_content=&#8221;false&#8221;][vc_column][mk_custom_box padding_horizental=&#8221;0&#8243; bg_image=&#8221;https:\/\/www.etoleyksin.fi\/wp-content\/uploads\/2019\/05\/shutterstock_1106728346.jpg&#8221; background_hov_color_style=&#8221;image&#8221; overlay_color=&#8221;rgba(0,0,0,0.6)&#8221; bg_image_hov_effect=&#8221;blur&#8221; bg_stretch=&#8221;true&#8221;][mk_padding_divider size=&#8221;50&#8243;][mk_title_box color=&#8221;#000000&#8243; highlight_color=&#8221;#ffffff&#8221; highlight_opacity=&#8221;1&#8243; size=&#8221;22&#8243; margin_bottom=&#8221;0&#8243; font_family=&#8221;none&#8221; align=&#8221;center&#8221;]Till webbkursen[\/mk_title_box][mk_padding_divider size=&#8221;10&#8243;][mk_padding_divider size=&#8221;10&#8243; visibility=&#8221;hidden-sm&#8221;][mk_button dimension=&#8221;two&#8221; corner_style=&#8221;full_rounded&#8221; size=&#8221;medium&#8221; icon=&#8221;mk-li-pencil&#8221; url=&#8221;https:\/\/context.training\/tms\/vaestoliitto\/ennaltaehkaisy_se\/&#8221; target=&#8221;_blank&#8221; align=&#8221;center&#8221; bg_color=&#8221;#ffffff&#8221; text_color=&#8221;dark&#8221;]Logga in[\/mk_button][mk_padding_divider size=&#8221;30&#8243;][mk_padding_divider size=&#8221;20&#8243; visibility=&#8221;hidden-sm&#8221;][\/mk_custom_box][\/vc_column][\/vc_row][vc_row][vc_column][mk_padding_divider visibility=&#8221;hidden-tl&#8221;][mk_padding_divider visibility=&#8221;hidden-sm&#8221;][\/vc_column][\/vc_row]\n<\/div>","protected":false},"excerpt":{"rendered":"<p>[mk_page_section bg_image=&#8221;https:\/\/www.etoleyksin.fi\/wp-content\/uploads\/2019\/05\/shutterstock_445231189.jpg&#8221; bg_position=&#8221;center center&#8221; bg_repeat=&#8221;no-repeat&#8221; bg_stretch=&#8221;true&#8221; video_color_mask=&#8221;#000000&#8243; video_opacity=&#8221;0.1&#8243; full_width=&#8221;true&#8221; has_bottom_shape_divider=&#8221;true&#8221; sidebar=&#8221;sidebar-1&#8243;][vc_column][mk_padding_divider size=&#8221;140&#8243;][mk_padding_divider size=&#8221;20&#8243; visibility=&#8221;visible-tl&#8221;][mk_padding_divider size=&#8221;60&#8243; visibility=&#8221;hidden-sm&#8221;][vc_row_inner visibility=&#8221;visible-tl&#8221;][vc_column_inner width=&#8221;1\/6&#8243;][\/vc_column_inner][vc_column_inner width=&#8221;2\/3&#8243;][mk_custom_box margin_bottom=&#8221;0&#8243; min_height=&#8221;0&#8243; bg_color=&#8221;rgba(0,0,0,0.3)&#8221;][mk_fancy_title strip_tags=&#8221;true&#8221; tag_name=&#8221;h1&#8243; color=&#8221;#ffffff&#8221; size=&#8221;34&#8243; force_font_size=&#8221;true&#8221; size_tablet=&#8221;30&#8243; size_phone=&#8221;25&#8243; font_weight=&#8221;bold&#8221; margin_bottom=&#8221;10&#8243; font_family=&#8221;none&#8221; align=&#8221;center&#8221;]Webbkurs[\/mk_fancy_title][\/mk_custom_box][\/vc_column_inner][vc_column_inner width=&#8221;1\/6&#8243;][\/vc_column_inner][\/vc_row_inner][vc_row_inner visibility=&#8221;hidden-tl&#8221;][vc_column_inner width=&#8221;1\/3&#8243;][\/vc_column_inner][vc_column_inner width=&#8221;1\/3&#8243;][mk_custom_box margin_bottom=&#8221;0&#8243; min_height=&#8221;0&#8243; bg_color=&#8221;rgba(0,0,0,0.3)&#8221;][mk_fancy_title strip_tags=&#8221;true&#8221; tag_name=&#8221;h1&#8243; color=&#8221;#ffffff&#8221; size=&#8221;34&#8243; force_font_size=&#8221;true&#8221; size_tablet=&#8221;30&#8243; size_phone=&#8221;25&#8243; font_weight=&#8221;bold&#8221; margin_bottom=&#8221;10&#8243; font_family=&#8221;none&#8221; align=&#8221;center&#8221;]Webbkurs[\/mk_fancy_title][\/mk_custom_box][\/vc_column_inner][vc_column_inner width=&#8221;1\/3&#8243;][\/vc_column_inner][\/vc_row_inner][mk_padding_divider size=&#8221;90&#8243;][mk_padding_divider size=&#8221;90&#8243; visibility=&#8221;hidden-sm&#8221;][\/vc_column][\/mk_page_section][vc_row][vc_column][mk_padding_divider [&hellip;]<\/p>\n","protected":false},"author":1,"featured_media":0,"parent":0,"menu_order":0,"comment_status":"closed","ping_status":"closed","template":"","meta":{"_uf_show_specific_survey":0,"_uf_disable_surveys":false,"footnotes":""},"class_list":["post-2945","page","type-page","status-publish","hentry"],"yoast_head":"<!-- This site is optimized with the Yoast SEO plugin v27.4 - https:\/\/yoast.com\/product\/yoast-seo-wordpress\/ -->\n<title>Webbkurs - Et ole yksin<\/title>\n<meta name=\"description\" content=\"Webbkurs om osakligt beteende, trakasserier och mobbning f\u00f6r anst\u00e4llda, tr\u00e4nare och frivilliga inom idrottsf\u00f6reningar.\" \/>\n<meta name=\"robots\" content=\"index, follow, max-snippet:-1, max-image-preview:large, max-video-preview:-1\" \/>\n<link rel=\"canonical\" href=\"https:\/\/www.etoleyksin.fi\/sv\/webbkurs\/\" \/>\n<meta property=\"og:locale\" content=\"sv_SE\" \/>\n<meta property=\"og:type\" content=\"article\" \/>\n<meta property=\"og:title\" content=\"Webbkurs - Et ole yksin\" \/>\n<meta property=\"og:description\" content=\"Webbkurs om osakligt beteende, trakasserier och mobbning f\u00f6r anst\u00e4llda, tr\u00e4nare och frivilliga inom idrottsf\u00f6reningar.\" \/>\n<meta property=\"og:url\" content=\"https:\/\/www.etoleyksin.fi\/sv\/webbkurs\/\" \/>\n<meta property=\"og:site_name\" content=\"Et ole yksin\" \/>\n<meta property=\"article:modified_time\" content=\"2024-08-14T11:37:06+00:00\" \/>\n<meta property=\"og:image\" content=\"https:\/\/www.etoleyksin.fi\/wp-content\/uploads\/2019\/05\/shutterstock_58757200.jpg\" \/>\n\t<meta property=\"og:image:width\" content=\"1900\" \/>\n\t<meta property=\"og:image:height\" content=\"1267\" \/>\n\t<meta property=\"og:image:type\" content=\"image\/jpeg\" \/>\n<meta name=\"twitter:card\" content=\"summary_large_image\" \/>\n<meta name=\"twitter:label1\" content=\"Ber\u00e4knad l\u00e4stid\" \/>\n\t<meta name=\"twitter:data1\" content=\"2 minuter\" \/>\n<script type=\"application\/ld+json\" class=\"yoast-schema-graph\">{\"@context\":\"https:\\\/\\\/schema.org\",\"@graph\":[{\"@type\":\"WebPage\",\"@id\":\"https:\\\/\\\/www.etoleyksin.fi\\\/sv\\\/webbkurs\\\/\",\"url\":\"https:\\\/\\\/www.etoleyksin.fi\\\/sv\\\/webbkurs\\\/\",\"name\":\"Webbkurs - Et ole yksin\",\"isPartOf\":{\"@id\":\"https:\\\/\\\/www.etoleyksin.fi\\\/#website\"},\"datePublished\":\"2022-05-03T05:10:40+00:00\",\"dateModified\":\"2024-08-14T11:37:06+00:00\",\"description\":\"Webbkurs om osakligt beteende, trakasserier och mobbning f\u00f6r anst\u00e4llda, tr\u00e4nare och frivilliga inom idrottsf\u00f6reningar.\",\"breadcrumb\":{\"@id\":\"https:\\\/\\\/www.etoleyksin.fi\\\/sv\\\/webbkurs\\\/#breadcrumb\"},\"inLanguage\":\"sv-SE\",\"potentialAction\":[{\"@type\":\"ReadAction\",\"target\":[\"https:\\\/\\\/www.etoleyksin.fi\\\/sv\\\/webbkurs\\\/\"]}]},{\"@type\":\"BreadcrumbList\",\"@id\":\"https:\\\/\\\/www.etoleyksin.fi\\\/sv\\\/webbkurs\\\/#breadcrumb\",\"itemListElement\":[{\"@type\":\"ListItem\",\"position\":1,\"name\":\"Home\",\"item\":\"https:\\\/\\\/www.etoleyksin.fi\\\/sv\\\/\"},{\"@type\":\"ListItem\",\"position\":2,\"name\":\"Webbkurs\"}]},{\"@type\":\"WebSite\",\"@id\":\"https:\\\/\\\/www.etoleyksin.fi\\\/#website\",\"url\":\"https:\\\/\\\/www.etoleyksin.fi\\\/\",\"name\":\"Et ole yksin\",\"description\":\"Et ole yksin on palvelu ep\u00e4asiallista k\u00e4ytt\u00e4ytymist\u00e4, h\u00e4irint\u00e4\u00e4 tai v\u00e4kivaltaa urheilussa kohdanneille.\",\"potentialAction\":[{\"@type\":\"SearchAction\",\"target\":{\"@type\":\"EntryPoint\",\"urlTemplate\":\"https:\\\/\\\/www.etoleyksin.fi\\\/?s={search_term_string}\"},\"query-input\":{\"@type\":\"PropertyValueSpecification\",\"valueRequired\":true,\"valueName\":\"search_term_string\"}}],\"inLanguage\":\"sv-SE\"}]}<\/script>\n<!-- \/ Yoast SEO plugin. -->","yoast_head_json":{"title":"Webbkurs - Et ole yksin","description":"Webbkurs om osakligt beteende, trakasserier och mobbning f\u00f6r anst\u00e4llda, tr\u00e4nare och frivilliga inom idrottsf\u00f6reningar.","robots":{"index":"index","follow":"follow","max-snippet":"max-snippet:-1","max-image-preview":"max-image-preview:large","max-video-preview":"max-video-preview:-1"},"canonical":"https:\/\/www.etoleyksin.fi\/sv\/webbkurs\/","og_locale":"sv_SE","og_type":"article","og_title":"Webbkurs - Et ole yksin","og_description":"Webbkurs om osakligt beteende, trakasserier och mobbning f\u00f6r anst\u00e4llda, tr\u00e4nare och frivilliga inom idrottsf\u00f6reningar.","og_url":"https:\/\/www.etoleyksin.fi\/sv\/webbkurs\/","og_site_name":"Et ole yksin","article_modified_time":"2024-08-14T11:37:06+00:00","og_image":[{"width":1900,"height":1267,"url":"https:\/\/www.etoleyksin.fi\/wp-content\/uploads\/2019\/05\/shutterstock_58757200.jpg","type":"image\/jpeg"}],"twitter_card":"summary_large_image","twitter_misc":{"Ber\u00e4knad l\u00e4stid":"2 minuter"},"schema":{"@context":"https:\/\/schema.org","@graph":[{"@type":"WebPage","@id":"https:\/\/www.etoleyksin.fi\/sv\/webbkurs\/","url":"https:\/\/www.etoleyksin.fi\/sv\/webbkurs\/","name":"Webbkurs - Et ole yksin","isPartOf":{"@id":"https:\/\/www.etoleyksin.fi\/#website"},"datePublished":"2022-05-03T05:10:40+00:00","dateModified":"2024-08-14T11:37:06+00:00","description":"Webbkurs om osakligt beteende, trakasserier och mobbning f\u00f6r anst\u00e4llda, tr\u00e4nare och frivilliga inom idrottsf\u00f6reningar.","breadcrumb":{"@id":"https:\/\/www.etoleyksin.fi\/sv\/webbkurs\/#breadcrumb"},"inLanguage":"sv-SE","potentialAction":[{"@type":"ReadAction","target":["https:\/\/www.etoleyksin.fi\/sv\/webbkurs\/"]}]},{"@type":"BreadcrumbList","@id":"https:\/\/www.etoleyksin.fi\/sv\/webbkurs\/#breadcrumb","itemListElement":[{"@type":"ListItem","position":1,"name":"Home","item":"https:\/\/www.etoleyksin.fi\/sv\/"},{"@type":"ListItem","position":2,"name":"Webbkurs"}]},{"@type":"WebSite","@id":"https:\/\/www.etoleyksin.fi\/#website","url":"https:\/\/www.etoleyksin.fi\/","name":"Et ole yksin","description":"Et ole yksin on palvelu ep\u00e4asiallista k\u00e4ytt\u00e4ytymist\u00e4, h\u00e4irint\u00e4\u00e4 tai v\u00e4kivaltaa urheilussa kohdanneille.","potentialAction":[{"@type":"SearchAction","target":{"@type":"EntryPoint","urlTemplate":"https:\/\/www.etoleyksin.fi\/?s={search_term_string}"},"query-input":{"@type":"PropertyValueSpecification","valueRequired":true,"valueName":"search_term_string"}}],"inLanguage":"sv-SE"}]}},"_links":{"self":[{"href":"https:\/\/www.etoleyksin.fi\/sv\/wp-json\/wp\/v2\/pages\/2945","targetHints":{"allow":["GET"]}}],"collection":[{"href":"https:\/\/www.etoleyksin.fi\/sv\/wp-json\/wp\/v2\/pages"}],"about":[{"href":"https:\/\/www.etoleyksin.fi\/sv\/wp-json\/wp\/v2\/types\/page"}],"author":[{"embeddable":true,"href":"https:\/\/www.etoleyksin.fi\/sv\/wp-json\/wp\/v2\/users\/1"}],"replies":[{"embeddable":true,"href":"https:\/\/www.etoleyksin.fi\/sv\/wp-json\/wp\/v2\/comments?post=2945"}],"version-history":[{"count":9,"href":"https:\/\/www.etoleyksin.fi\/sv\/wp-json\/wp\/v2\/pages\/2945\/revisions"}],"predecessor-version":[{"id":3507,"href":"https:\/\/www.etoleyksin.fi\/sv\/wp-json\/wp\/v2\/pages\/2945\/revisions\/3507"}],"wp:attachment":[{"href":"https:\/\/www.etoleyksin.fi\/sv\/wp-json\/wp\/v2\/media?parent=2945"}],"curies":[{"name":"wp","href":"https:\/\/api.w.org\/{rel}","templated":true}]}}