{"id":3084,"date":"2023-02-10T12:30:35","date_gmt":"2023-02-10T09:30:35","guid":{"rendered":"https:\/\/www.etoleyksin.fi\/kommunikationsmaterial\/"},"modified":"2025-09-24T12:03:49","modified_gmt":"2025-09-24T09:03:49","slug":"kommunikationsmaterial","status":"publish","type":"page","link":"https:\/\/www.etoleyksin.fi\/sv\/kommunikationsmaterial\/","title":{"rendered":"Kommunikationsmaterial"},"content":{"rendered":"<div class=\"wpb-content-wrapper\">[mk_page_section bg_image=&#8221;https:\/\/www.etoleyksin.fi\/wp-content\/uploads\/2019\/05\/shutterstock_1106728346.jpg&#8221; bg_position=&#8221;center center&#8221; bg_repeat=&#8221;no-repeat&#8221; bg_stretch=&#8221;true&#8221; video_color_mask=&#8221;#000000&#8243; video_opacity=&#8221;0.1&#8243; full_width=&#8221;true&#8221; has_bottom_shape_divider=&#8221;true&#8221; sidebar=&#8221;sidebar-1&#8243;][vc_column][mk_padding_divider size=&#8221;140&#8243;][mk_padding_divider size=&#8221;20&#8243; visibility=&#8221;visible-tl&#8221;][mk_padding_divider size=&#8221;60&#8243; visibility=&#8221;hidden-sm&#8221;][vc_row_inner visibility=&#8221;hidden-dt&#8221;][vc_column_inner width=&#8221;1\/6&#8243;][\/vc_column_inner][vc_column_inner width=&#8221;2\/3&#8243;][mk_custom_box margin_bottom=&#8221;0&#8243; bg_color=&#8221;rgba(0,0,0,0.3)&#8221;][mk_fancy_title strip_tags=&#8221;true&#8221; color=&#8221;#ffffff&#8221; size=&#8221;30&#8243; force_font_size=&#8221;true&#8221; size_tablet=&#8221;30&#8243; size_phone=&#8221;24&#8243; font_weight=&#8221;bold&#8221; margin_bottom=&#8221;10&#8243; font_family=&#8221;none&#8221; align=&#8221;center&#8221;]Kommunikationsmaterial[\/mk_fancy_title][\/mk_custom_box][\/vc_column_inner][vc_column_inner width=&#8221;1\/6&#8243;][\/vc_column_inner][\/vc_row_inner][vc_row_inner visibility=&#8221;visible-dt&#8221;][vc_column_inner width=&#8221;1\/3&#8243;][\/vc_column_inner][vc_column_inner width=&#8221;1\/3&#8243;][mk_custom_box margin_bottom=&#8221;0&#8243; bg_color=&#8221;rgba(0,0,0,0.3)&#8221;][mk_fancy_title strip_tags=&#8221;true&#8221; tag_name=&#8221;h1&#8243; color=&#8221;#ffffff&#8221; size=&#8221;30&#8243; force_font_size=&#8221;true&#8221; size_tablet=&#8221;30&#8243; size_phone=&#8221;25&#8243; font_weight=&#8221;bold&#8221; margin_bottom=&#8221;10&#8243; font_family=&#8221;none&#8221; align=&#8221;center&#8221;]Kommunikationsmaterial[\/mk_fancy_title][\/mk_custom_box][\/vc_column_inner][vc_column_inner width=&#8221;1\/3&#8243;][\/vc_column_inner][\/vc_row_inner][mk_padding_divider size=&#8221;90&#8243;][mk_padding_divider size=&#8221;90&#8243; visibility=&#8221;hidden-sm&#8221;][\/vc_column][\/mk_page_section][vc_row][vc_column][mk_padding_divider size=&#8221;50&#8243; visibility=&#8221;hidden-sm&#8221;][mk_padding_divider visibility=&#8221;hidden-tl&#8221;][\/vc_column][\/vc_row][vc_row][vc_column][vc_column_text css=&#8221;.vc_custom_1758704627162{margin-bottom: 0px !important;}&#8221;]V\u00e5ld, trakasserier och diskriminering f\u00f6rebyggs genom ord och handlingar. Det \u00e4r viktigt att tydligt kommunicera v\u00e4rderingarna f\u00f6r aktiviteten och vad som \u00e4r till\u00e5tet och inte till\u00e5tet f\u00f6r alla inblandade. Det \u00e4r viktigt att de som \u00e4r involverade i klubb- och ungdomsaktiviteter samt ledare tar en aktiv roll. Att h\u00e5lla fr\u00e5gorna i fokus och f\u00f6reg\u00e5 med gott exempel uppmuntrar m\u00e4nniskor att s\u00e4ga ifr\u00e5n. Genom att marknadsf\u00f6ra Du \u00e4r inte ensam -tj\u00e4nsten s\u00e4nder du ett starkt budskap om att inget ol\u00e4mpligt beteende tolereras i dina aktiviteter.<\/p>\n<p>Ladda ner digitalt och utskrivbart kommunikationsmaterial f\u00f6r Du \u00e4r inte ensam -tj\u00e4snten fr\u00e5n l\u00e4nken nedan.<\/p>\n<p>Du kan \u00e4ven best\u00e4lla tryckt material till dina lokaler gratis: etoleyksin@vaestoliitto.fi<\/p>\n<p>Om m\u00f6jligt, v\u00e4nligen inkludera en l\u00e4nk till Et ole yksin -sidan p\u00e5 dina elektroniska kanaler: etoleyksin.fi<\/p>\n<p>V\u00e4nligen skicka alla f\u00f6rfr\u00e5gningar eller synpunkter ang\u00e5ende kommunikationssamarbete och material till etoleyksin@vaestoliitto.fi[\/vc_column_text][\/vc_column][vc_column][mk_fancy_title tag_name=&#8221;span&#8221; size=&#8221;18&#8243; margin_bottom=&#8221;0&#8243; font_family=&#8221;none&#8221; align=&#8221;center&#8221;]<a href=\"https:\/\/www.dropbox.com\/scl\/fo\/gfl76ighbpy19btokxtc1\/h?dl=0&amp;rlkey=ctk2dx1qfjujxwuo00d0jea43\">Ladda ner h\u00e4r!<\/a>[\/mk_fancy_title][\/vc_column][\/vc_row][vc_row disable_element=&#8221;yes&#8221;][vc_column][mk_padding_divider size=&#8221;50&#8243; visibility=&#8221;hidden-sm&#8221;][mk_padding_divider visibility=&#8221;hidden-tl&#8221;][\/vc_column][\/vc_row][vc_row fullwidth=&#8221;true&#8221; fullwidth_content=&#8221;false&#8221; disable_element=&#8221;yes&#8221;][vc_column width=&#8221;1\/2&#8243;][mk_custom_box padding_horizental=&#8221;60&#8243; bg_image=&#8221;https:\/\/www.etoleyksin.fi\/wp-content\/uploads\/2019\/01\/kysymys4.jpg&#8221; background_hov_color_style=&#8221;image&#8221; overlay_color=&#8221;rgba(0,0,0,0.6)&#8221; bg_image_hov_effect=&#8221;blur&#8221; bg_stretch=&#8221;true&#8221;][mk_padding_divider size=&#8221;30&#8243;][mk_title_box color=&#8221;#000000&#8243; highlight_color=&#8221;#ffffff&#8221; highlight_opacity=&#8221;1&#8243; size=&#8221;22&#8243; margin_bottom=&#8221;10&#8243; font_family=&#8221;none&#8221; align=&#8221;center&#8221;]test[\/mk_title_box][mk_title_box color=&#8221;#000000&#8243; highlight_color=&#8221;#ffffff&#8221; highlight_opacity=&#8221;1&#8243; margin_bottom=&#8221;10&#8243; font_family=&#8221;none&#8221; align=&#8221;center&#8221;]test[\/mk_title_box][mk_button dimension=&#8221;two&#8221; corner_style=&#8221;full_rounded&#8221; size=&#8221;medium&#8221; icon=&#8221;mk-li-file&#8221; url=&#8221;https:\/\/www.dropbox.com\/sh\/0fu14dn0uq9l0w6\/AABmuCsEh6p-mz4dxVArgu5Za?dl=0&#8243; target=&#8221;_blank&#8221; align=&#8221;center&#8221; bg_color=&#8221;#ffffff&#8221; text_color=&#8221;dark&#8221;]test[\/mk_button][mk_padding_divider size=&#8221;20&#8243;][mk_padding_divider size=&#8221;10&#8243; visibility=&#8221;hidden-sm&#8221;][\/mk_custom_box][mk_padding_divider size=&#8221;20&#8243; visibility=&#8221;visible-sm&#8221;][\/vc_column][vc_column width=&#8221;1\/2&#8243;][mk_custom_box padding_horizental=&#8221;60&#8243; bg_image=&#8221;https:\/\/www.etoleyksin.fi\/wp-content\/uploads\/2019\/05\/shutterstock_1365208748.jpg&#8221; background_hov_color_style=&#8221;image&#8221; overlay_color=&#8221;rgba(0,0,0,0.6)&#8221; bg_image_hov_effect=&#8221;blur&#8221; bg_stretch=&#8221;true&#8221;][mk_padding_divider size=&#8221;30&#8243;][mk_title_box color=&#8221;#000000&#8243; highlight_color=&#8221;#ffffff&#8221; highlight_opacity=&#8221;1&#8243; size=&#8221;22&#8243; margin_bottom=&#8221;10&#8243; font_family=&#8221;none&#8221; align=&#8221;center&#8221;]test[\/mk_title_box][mk_title_box color=&#8221;#000000&#8243; highlight_color=&#8221;#ffffff&#8221; highlight_opacity=&#8221;1&#8243; margin_bottom=&#8221;10&#8243; font_family=&#8221;none&#8221; align=&#8221;center&#8221;]test[\/mk_title_box][mk_button dimension=&#8221;two&#8221; corner_style=&#8221;full_rounded&#8221; size=&#8221;medium&#8221; icon=&#8221;mk-li-file&#8221; url=&#8221;https:\/\/www.dropbox.com\/sh\/p4d7wsewr9qtcwx\/AAAjo7NDS43OW8nZH0fz6glza?dl=0&#8243; target=&#8221;_blank&#8221; align=&#8221;center&#8221; bg_color=&#8221;#ffffff&#8221; text_color=&#8221;dark&#8221;]test[\/mk_button][mk_padding_divider size=&#8221;20&#8243;][mk_padding_divider size=&#8221;10&#8243; visibility=&#8221;hidden-sm&#8221;][\/mk_custom_box][mk_padding_divider][\/vc_column][\/vc_row][vc_row disable_element=&#8221;yes&#8221;][vc_column][mk_padding_divider size=&#8221;20&#8243;][\/vc_column][\/vc_row][vc_row fullwidth=&#8221;true&#8221; fullwidth_content=&#8221;false&#8221; disable_element=&#8221;yes&#8221;][vc_column width=&#8221;1\/2&#8243;][mk_custom_box padding_horizental=&#8221;60&#8243; bg_image=&#8221;https:\/\/www.etoleyksin.fi\/wp-content\/uploads\/2019\/05\/shutterstock_1106728346.jpg&#8221; background_hov_color_style=&#8221;image&#8221; overlay_color=&#8221;rgba(0,0,0,0.6)&#8221; bg_image_hov_effect=&#8221;blur&#8221; bg_stretch=&#8221;true&#8221;][mk_padding_divider size=&#8221;30&#8243;][mk_title_box color=&#8221;#000000&#8243; highlight_color=&#8221;#ffffff&#8221; highlight_opacity=&#8221;1&#8243; size=&#8221;22&#8243; margin_bottom=&#8221;10&#8243; font_family=&#8221;none&#8221; align=&#8221;center&#8221;]test[\/mk_title_box][mk_title_box color=&#8221;#000000&#8243; highlight_color=&#8221;#ffffff&#8221; highlight_opacity=&#8221;1&#8243; margin_bottom=&#8221;10&#8243; font_family=&#8221;none&#8221; align=&#8221;center&#8221;]test[\/mk_title_box][mk_button dimension=&#8221;two&#8221; corner_style=&#8221;full_rounded&#8221; size=&#8221;medium&#8221; icon=&#8221;mk-li-file&#8221; url=&#8221;https:\/\/www.dropbox.com\/sh\/xnu92miilphene4\/AABOYM0ao-mt5oNml8UYWctTa?dl=0&#8243; target=&#8221;_blank&#8221; align=&#8221;center&#8221; bg_color=&#8221;#ffffff&#8221; text_color=&#8221;dark&#8221;]test[\/mk_button][mk_padding_divider size=&#8221;20&#8243;][mk_padding_divider size=&#8221;10&#8243; visibility=&#8221;hidden-sm&#8221;][\/mk_custom_box][mk_padding_divider size=&#8221;20&#8243; visibility=&#8221;visible-sm&#8221;][\/vc_column][vc_column width=&#8221;1\/2&#8243;][mk_custom_box padding_horizental=&#8221;60&#8243; bg_image=&#8221;https:\/\/www.etoleyksin.fi\/wp-content\/uploads\/2019\/05\/shutterstock_445231189.jpg&#8221; background_hov_color_style=&#8221;image&#8221; overlay_color=&#8221;rgba(0,0,0,0.6)&#8221; bg_image_hov_effect=&#8221;blur&#8221; bg_stretch=&#8221;true&#8221;][mk_padding_divider size=&#8221;30&#8243;][mk_title_box color=&#8221;#000000&#8243; highlight_color=&#8221;#ffffff&#8221; highlight_opacity=&#8221;1&#8243; size=&#8221;22&#8243; margin_bottom=&#8221;10&#8243; font_family=&#8221;none&#8221; align=&#8221;center&#8221;]test[\/mk_title_box][mk_title_box color=&#8221;#000000&#8243; highlight_color=&#8221;#ffffff&#8221; highlight_opacity=&#8221;1&#8243; margin_bottom=&#8221;10&#8243; font_family=&#8221;none&#8221; align=&#8221;center&#8221;]test[\/mk_title_box][mk_button dimension=&#8221;two&#8221; corner_style=&#8221;full_rounded&#8221; size=&#8221;medium&#8221; icon=&#8221;mk-li-file&#8221; url=&#8221;https:\/\/www.dropbox.com\/sh\/yqke2aeuumlgvgo\/AAAFSZf4jjIpPbYIO2yOu_0Ga?dl=0&#8243; target=&#8221;_blank&#8221; align=&#8221;center&#8221; bg_color=&#8221;#ffffff&#8221; text_color=&#8221;dark&#8221;]test[\/mk_button][mk_padding_divider size=&#8221;20&#8243;][mk_padding_divider size=&#8221;10&#8243; visibility=&#8221;hidden-sm&#8221;][\/mk_custom_box][\/vc_column][\/vc_row][vc_row disable_element=&#8221;yes&#8221;][vc_column][mk_padding_divider size=&#8221;20&#8243;][\/vc_column][\/vc_row][vc_row fullwidth=&#8221;true&#8221; fullwidth_content=&#8221;false&#8221; disable_element=&#8221;yes&#8221;][vc_column width=&#8221;1\/2&#8243;][mk_custom_box padding_horizental=&#8221;60&#8243; bg_image=&#8221;https:\/\/www.etoleyksin.fi\/wp-content\/uploads\/2019\/05\/shutterstock_58757200.jpg&#8221; background_hov_color_style=&#8221;image&#8221; overlay_color=&#8221;rgba(0,0,0,0.6)&#8221; bg_image_hov_effect=&#8221;blur&#8221; bg_stretch=&#8221;true&#8221;][mk_padding_divider size=&#8221;30&#8243;][mk_title_box color=&#8221;#000000&#8243; highlight_color=&#8221;#ffffff&#8221; highlight_opacity=&#8221;1&#8243; size=&#8221;22&#8243; margin_bottom=&#8221;10&#8243; font_family=&#8221;none&#8221; align=&#8221;center&#8221;]test[\/mk_title_box][mk_title_box color=&#8221;#000000&#8243; highlight_color=&#8221;#ffffff&#8221; highlight_opacity=&#8221;1&#8243; margin_bottom=&#8221;10&#8243; font_family=&#8221;none&#8221; align=&#8221;center&#8221;]test[\/mk_title_box][mk_button dimension=&#8221;two&#8221; corner_style=&#8221;full_rounded&#8221; size=&#8221;medium&#8221; icon=&#8221;mk-li-file&#8221; url=&#8221;https:\/\/www.dropbox.com\/sh\/qpgugfbbxyaj8x2\/AADGSIY_siH6-01tGb4SBpGta?dl=0&#8243; target=&#8221;_blank&#8221; align=&#8221;center&#8221; bg_color=&#8221;#ffffff&#8221; text_color=&#8221;dark&#8221;]test[\/mk_button][mk_padding_divider size=&#8221;20&#8243;][mk_padding_divider size=&#8221;10&#8243; visibility=&#8221;hidden-sm&#8221;][\/mk_custom_box][\/vc_column][vc_column width=&#8221;1\/2&#8243;][mk_custom_box padding_horizental=&#8221;60&#8243; bg_image=&#8221;https:\/\/www.etoleyksin.fi\/wp-content\/uploads\/2019\/05\/shutterstock_58757200.jpg&#8221; background_hov_color_style=&#8221;image&#8221; overlay_color=&#8221;rgba(0,0,0,0.6)&#8221; bg_image_hov_effect=&#8221;blur&#8221; bg_stretch=&#8221;true&#8221;][mk_padding_divider size=&#8221;30&#8243;][mk_title_box color=&#8221;#000000&#8243; highlight_color=&#8221;#ffffff&#8221; highlight_opacity=&#8221;1&#8243; size=&#8221;22&#8243; margin_bottom=&#8221;10&#8243; font_family=&#8221;none&#8221; align=&#8221;center&#8221;]test[\/mk_title_box][mk_title_box color=&#8221;#000000&#8243; highlight_color=&#8221;#ffffff&#8221; highlight_opacity=&#8221;1&#8243; margin_bottom=&#8221;10&#8243; font_family=&#8221;none&#8221; align=&#8221;center&#8221;]test[\/mk_title_box][mk_button dimension=&#8221;two&#8221; corner_style=&#8221;full_rounded&#8221; size=&#8221;medium&#8221; icon=&#8221;mk-icon-file-text-o&#8221; url=&#8221;https:\/\/www.dropbox.com\/sh\/kqygbdxatzmchqq\/AABmzBVcCYUPUMTR9cpNomjna?dl=0&#8243;]test[\/mk_button][mk_padding_divider size=&#8221;20&#8243;][mk_padding_divider size=&#8221;10&#8243;][\/mk_custom_box][\/vc_column][\/vc_row][vc_row disable_element=&#8221;yes&#8221;][vc_column][mk_padding_divider size=&#8221;20&#8243;][\/vc_column][\/vc_row][vc_row fullwidth=&#8221;true&#8221; fullwidth_content=&#8221;false&#8221; disable_element=&#8221;yes&#8221;][vc_column width=&#8221;1\/2&#8243;][mk_custom_box padding_horizental=&#8221;60&#8243; bg_image=&#8221;https:\/\/www.etoleyksin.fi\/wp-content\/uploads\/2019\/05\/shutterstock_58757200.jpg&#8221; background_hov_color_style=&#8221;image&#8221; overlay_color=&#8221;rgba(0,0,0,0.6)&#8221; bg_image_hov_effect=&#8221;blur&#8221; bg_stretch=&#8221;true&#8221;][mk_padding_divider size=&#8221;30&#8243;][mk_title_box color=&#8221;#000000&#8243; highlight_color=&#8221;#ffffff&#8221; highlight_opacity=&#8221;1&#8243; size=&#8221;22&#8243; margin_bottom=&#8221;10&#8243; font_family=&#8221;none&#8221; align=&#8221;center&#8221;]test[\/mk_title_box][mk_title_box color=&#8221;#000000&#8243; highlight_color=&#8221;#ffffff&#8221; highlight_opacity=&#8221;1&#8243; margin_bottom=&#8221;10&#8243; font_family=&#8221;none&#8221; align=&#8221;center&#8221;]test[\/mk_title_box][mk_button dimension=&#8221;two&#8221; corner_style=&#8221;full_rounded&#8221; size=&#8221;medium&#8221; icon=&#8221;mk-li-file&#8221; url=&#8221;https:\/\/www.dropbox.com\/sh\/1y3ziwl92hao1t1\/AAAKvGkNTG4ptsVpHEuimE3Va?dl=0&#8243; target=&#8221;_blank&#8221; align=&#8221;center&#8221; bg_color=&#8221;#ffffff&#8221; text_color=&#8221;dark&#8221;]test[\/mk_button][mk_padding_divider size=&#8221;20&#8243;][mk_padding_divider size=&#8221;10&#8243; visibility=&#8221;hidden-sm&#8221;][\/mk_custom_box][\/vc_column][vc_column width=&#8221;1\/2&#8243;][\/vc_column][\/vc_row][vc_row disable_element=&#8221;yes&#8221;][vc_column][mk_padding_divider visibility=&#8221;hidden-tl&#8221;][mk_padding_divider visibility=&#8221;hidden-sm&#8221;][\/vc_column][\/vc_row]\n<\/div>","protected":false},"excerpt":{"rendered":"<p>[mk_page_section bg_image=&#8221;https:\/\/www.etoleyksin.fi\/wp-content\/uploads\/2019\/05\/shutterstock_1106728346.jpg&#8221; bg_position=&#8221;center center&#8221; bg_repeat=&#8221;no-repeat&#8221; bg_stretch=&#8221;true&#8221; video_color_mask=&#8221;#000000&#8243; video_opacity=&#8221;0.1&#8243; full_width=&#8221;true&#8221; has_bottom_shape_divider=&#8221;true&#8221; sidebar=&#8221;sidebar-1&#8243;][vc_column][mk_padding_divider size=&#8221;140&#8243;][mk_padding_divider size=&#8221;20&#8243; visibility=&#8221;visible-tl&#8221;][mk_padding_divider size=&#8221;60&#8243; visibility=&#8221;hidden-sm&#8221;][vc_row_inner visibility=&#8221;hidden-dt&#8221;][vc_column_inner width=&#8221;1\/6&#8243;][\/vc_column_inner][vc_column_inner width=&#8221;2\/3&#8243;][mk_custom_box margin_bottom=&#8221;0&#8243; bg_color=&#8221;rgba(0,0,0,0.3)&#8221;][mk_fancy_title strip_tags=&#8221;true&#8221; color=&#8221;#ffffff&#8221; size=&#8221;30&#8243; force_font_size=&#8221;true&#8221; size_tablet=&#8221;30&#8243; size_phone=&#8221;24&#8243; font_weight=&#8221;bold&#8221; margin_bottom=&#8221;10&#8243; font_family=&#8221;none&#8221; align=&#8221;center&#8221;]Kommunikationsmaterial[\/mk_fancy_title][\/mk_custom_box][\/vc_column_inner][vc_column_inner width=&#8221;1\/6&#8243;][\/vc_column_inner][\/vc_row_inner][vc_row_inner visibility=&#8221;visible-dt&#8221;][vc_column_inner width=&#8221;1\/3&#8243;][\/vc_column_inner][vc_column_inner width=&#8221;1\/3&#8243;][mk_custom_box margin_bottom=&#8221;0&#8243; bg_color=&#8221;rgba(0,0,0,0.3)&#8221;][mk_fancy_title strip_tags=&#8221;true&#8221; tag_name=&#8221;h1&#8243; color=&#8221;#ffffff&#8221; size=&#8221;30&#8243; force_font_size=&#8221;true&#8221; size_tablet=&#8221;30&#8243; size_phone=&#8221;25&#8243; font_weight=&#8221;bold&#8221; margin_bottom=&#8221;10&#8243; font_family=&#8221;none&#8221; align=&#8221;center&#8221;]Kommunikationsmaterial[\/mk_fancy_title][\/mk_custom_box][\/vc_column_inner][vc_column_inner width=&#8221;1\/3&#8243;][\/vc_column_inner][\/vc_row_inner][mk_padding_divider size=&#8221;90&#8243;][mk_padding_divider size=&#8221;90&#8243; visibility=&#8221;hidden-sm&#8221;][\/vc_column][\/mk_page_section][vc_row][vc_column][mk_padding_divider size=&#8221;50&#8243; visibility=&#8221;hidden-sm&#8221;][mk_padding_divider visibility=&#8221;hidden-tl&#8221;][\/vc_column][\/vc_row][vc_row][vc_column][vc_column_text [&hellip;]<\/p>\n","protected":false},"author":1,"featured_media":0,"parent":0,"menu_order":0,"comment_status":"closed","ping_status":"closed","template":"","meta":{"_uf_show_specific_survey":0,"_uf_disable_surveys":false,"footnotes":""},"class_list":["post-3084","page","type-page","status-publish","hentry"],"yoast_head":"<!-- This site is optimized with the Yoast SEO plugin v27.3 - https:\/\/yoast.com\/product\/yoast-seo-wordpress\/ -->\n<title>Kommunikationsmaterial - Et ole yksin<\/title>\n<meta name=\"description\" content=\"Ladda ner Et ole yksin -tj\u00e4nstens olika kommunikationsmaterial riktat till idrottsf\u00f6reningar och specialidrottsf\u00f6rbund.\" \/>\n<meta name=\"robots\" content=\"index, follow, max-snippet:-1, max-image-preview:large, max-video-preview:-1\" \/>\n<link rel=\"canonical\" href=\"https:\/\/www.etoleyksin.fi\/sv\/kommunikationsmaterial\/\" \/>\n<meta property=\"og:locale\" content=\"sv_SE\" \/>\n<meta property=\"og:type\" content=\"article\" \/>\n<meta property=\"og:title\" content=\"Kommunikationsmaterial - Et ole yksin\" \/>\n<meta property=\"og:description\" content=\"Ladda ner Et ole yksin -tj\u00e4nstens olika kommunikationsmaterial riktat till idrottsf\u00f6reningar och specialidrottsf\u00f6rbund.\" \/>\n<meta property=\"og:url\" content=\"https:\/\/www.etoleyksin.fi\/sv\/kommunikationsmaterial\/\" \/>\n<meta property=\"og:site_name\" content=\"Et ole yksin\" \/>\n<meta property=\"article:modified_time\" content=\"2025-09-24T09:03:49+00:00\" \/>\n<meta property=\"og:image\" content=\"https:\/\/www.etoleyksin.fi\/wp-content\/uploads\/2019\/05\/shutterstock_58757200.jpg\" \/>\n\t<meta property=\"og:image:width\" content=\"1900\" \/>\n\t<meta property=\"og:image:height\" content=\"1267\" \/>\n\t<meta property=\"og:image:type\" content=\"image\/jpeg\" \/>\n<meta name=\"twitter:card\" content=\"summary_large_image\" \/>\n<meta name=\"twitter:label1\" content=\"Ber\u00e4knad l\u00e4stid\" \/>\n\t<meta name=\"twitter:data1\" content=\"3 minuter\" \/>\n<script type=\"application\/ld+json\" class=\"yoast-schema-graph\">{\"@context\":\"https:\\\/\\\/schema.org\",\"@graph\":[{\"@type\":\"WebPage\",\"@id\":\"https:\\\/\\\/www.etoleyksin.fi\\\/sv\\\/kommunikationsmaterial\\\/\",\"url\":\"https:\\\/\\\/www.etoleyksin.fi\\\/sv\\\/kommunikationsmaterial\\\/\",\"name\":\"Kommunikationsmaterial - Et ole yksin\",\"isPartOf\":{\"@id\":\"https:\\\/\\\/www.etoleyksin.fi\\\/#website\"},\"datePublished\":\"2023-02-10T09:30:35+00:00\",\"dateModified\":\"2025-09-24T09:03:49+00:00\",\"description\":\"Ladda ner Et ole yksin -tj\u00e4nstens olika kommunikationsmaterial riktat till idrottsf\u00f6reningar och specialidrottsf\u00f6rbund.\",\"breadcrumb\":{\"@id\":\"https:\\\/\\\/www.etoleyksin.fi\\\/sv\\\/kommunikationsmaterial\\\/#breadcrumb\"},\"inLanguage\":\"sv-SE\",\"potentialAction\":[{\"@type\":\"ReadAction\",\"target\":[\"https:\\\/\\\/www.etoleyksin.fi\\\/sv\\\/kommunikationsmaterial\\\/\"]}]},{\"@type\":\"BreadcrumbList\",\"@id\":\"https:\\\/\\\/www.etoleyksin.fi\\\/sv\\\/kommunikationsmaterial\\\/#breadcrumb\",\"itemListElement\":[{\"@type\":\"ListItem\",\"position\":1,\"name\":\"Home\",\"item\":\"https:\\\/\\\/www.etoleyksin.fi\\\/sv\\\/\"},{\"@type\":\"ListItem\",\"position\":2,\"name\":\"Kommunikationsmaterial\"}]},{\"@type\":\"WebSite\",\"@id\":\"https:\\\/\\\/www.etoleyksin.fi\\\/#website\",\"url\":\"https:\\\/\\\/www.etoleyksin.fi\\\/\",\"name\":\"Et ole yksin\",\"description\":\"Et ole yksin on palvelu ep\u00e4asiallista k\u00e4ytt\u00e4ytymist\u00e4, h\u00e4irint\u00e4\u00e4 tai v\u00e4kivaltaa urheilussa kohdanneille.\",\"potentialAction\":[{\"@type\":\"SearchAction\",\"target\":{\"@type\":\"EntryPoint\",\"urlTemplate\":\"https:\\\/\\\/www.etoleyksin.fi\\\/?s={search_term_string}\"},\"query-input\":{\"@type\":\"PropertyValueSpecification\",\"valueRequired\":true,\"valueName\":\"search_term_string\"}}],\"inLanguage\":\"sv-SE\"}]}<\/script>\n<!-- \/ Yoast SEO plugin. -->","yoast_head_json":{"title":"Kommunikationsmaterial - Et ole yksin","description":"Ladda ner Et ole yksin -tj\u00e4nstens olika kommunikationsmaterial riktat till idrottsf\u00f6reningar och specialidrottsf\u00f6rbund.","robots":{"index":"index","follow":"follow","max-snippet":"max-snippet:-1","max-image-preview":"max-image-preview:large","max-video-preview":"max-video-preview:-1"},"canonical":"https:\/\/www.etoleyksin.fi\/sv\/kommunikationsmaterial\/","og_locale":"sv_SE","og_type":"article","og_title":"Kommunikationsmaterial - Et ole yksin","og_description":"Ladda ner Et ole yksin -tj\u00e4nstens olika kommunikationsmaterial riktat till idrottsf\u00f6reningar och specialidrottsf\u00f6rbund.","og_url":"https:\/\/www.etoleyksin.fi\/sv\/kommunikationsmaterial\/","og_site_name":"Et ole yksin","article_modified_time":"2025-09-24T09:03:49+00:00","og_image":[{"width":1900,"height":1267,"url":"https:\/\/www.etoleyksin.fi\/wp-content\/uploads\/2019\/05\/shutterstock_58757200.jpg","type":"image\/jpeg"}],"twitter_card":"summary_large_image","twitter_misc":{"Ber\u00e4knad l\u00e4stid":"3 minuter"},"schema":{"@context":"https:\/\/schema.org","@graph":[{"@type":"WebPage","@id":"https:\/\/www.etoleyksin.fi\/sv\/kommunikationsmaterial\/","url":"https:\/\/www.etoleyksin.fi\/sv\/kommunikationsmaterial\/","name":"Kommunikationsmaterial - Et ole yksin","isPartOf":{"@id":"https:\/\/www.etoleyksin.fi\/#website"},"datePublished":"2023-02-10T09:30:35+00:00","dateModified":"2025-09-24T09:03:49+00:00","description":"Ladda ner Et ole yksin -tj\u00e4nstens olika kommunikationsmaterial riktat till idrottsf\u00f6reningar och specialidrottsf\u00f6rbund.","breadcrumb":{"@id":"https:\/\/www.etoleyksin.fi\/sv\/kommunikationsmaterial\/#breadcrumb"},"inLanguage":"sv-SE","potentialAction":[{"@type":"ReadAction","target":["https:\/\/www.etoleyksin.fi\/sv\/kommunikationsmaterial\/"]}]},{"@type":"BreadcrumbList","@id":"https:\/\/www.etoleyksin.fi\/sv\/kommunikationsmaterial\/#breadcrumb","itemListElement":[{"@type":"ListItem","position":1,"name":"Home","item":"https:\/\/www.etoleyksin.fi\/sv\/"},{"@type":"ListItem","position":2,"name":"Kommunikationsmaterial"}]},{"@type":"WebSite","@id":"https:\/\/www.etoleyksin.fi\/#website","url":"https:\/\/www.etoleyksin.fi\/","name":"Et ole yksin","description":"Et ole yksin on palvelu ep\u00e4asiallista k\u00e4ytt\u00e4ytymist\u00e4, h\u00e4irint\u00e4\u00e4 tai v\u00e4kivaltaa urheilussa kohdanneille.","potentialAction":[{"@type":"SearchAction","target":{"@type":"EntryPoint","urlTemplate":"https:\/\/www.etoleyksin.fi\/?s={search_term_string}"},"query-input":{"@type":"PropertyValueSpecification","valueRequired":true,"valueName":"search_term_string"}}],"inLanguage":"sv-SE"}]}},"_links":{"self":[{"href":"https:\/\/www.etoleyksin.fi\/sv\/wp-json\/wp\/v2\/pages\/3084","targetHints":{"allow":["GET"]}}],"collection":[{"href":"https:\/\/www.etoleyksin.fi\/sv\/wp-json\/wp\/v2\/pages"}],"about":[{"href":"https:\/\/www.etoleyksin.fi\/sv\/wp-json\/wp\/v2\/types\/page"}],"author":[{"embeddable":true,"href":"https:\/\/www.etoleyksin.fi\/sv\/wp-json\/wp\/v2\/users\/1"}],"replies":[{"embeddable":true,"href":"https:\/\/www.etoleyksin.fi\/sv\/wp-json\/wp\/v2\/comments?post=3084"}],"version-history":[{"count":12,"href":"https:\/\/www.etoleyksin.fi\/sv\/wp-json\/wp\/v2\/pages\/3084\/revisions"}],"predecessor-version":[{"id":3969,"href":"https:\/\/www.etoleyksin.fi\/sv\/wp-json\/wp\/v2\/pages\/3084\/revisions\/3969"}],"wp:attachment":[{"href":"https:\/\/www.etoleyksin.fi\/sv\/wp-json\/wp\/v2\/media?parent=3084"}],"curies":[{"name":"wp","href":"https:\/\/api.w.org\/{rel}","templated":true}]}}