{"id":3736,"date":"2025-04-30T10:39:21","date_gmt":"2025-04-30T07:39:21","guid":{"rendered":"https:\/\/www.etoleyksin.fi\/om-oss\/skolningar\/"},"modified":"2026-03-30T11:36:14","modified_gmt":"2026-03-30T08:36:14","slug":"skolningar","status":"publish","type":"page","link":"https:\/\/www.etoleyksin.fi\/sv\/skolningar\/","title":{"rendered":"Skolningar"},"content":{"rendered":"<div class=\"wpb-content-wrapper\">[vc_row][vc_column][vc_column_text margin_bottom=&#8221;0&#8243; css=&#8221;.vc_custom_1774859817182{margin-bottom: 0px !important;}&#8221;]\n<h1>Best\u00e4ll en gratis skolning<\/h1>\n<p>Om din f\u00f6rening eller organisation vill st\u00e4rka sin kompetens f\u00f6r att f\u00f6rebygga trakasserier och v\u00e5ld samt f\u00e5 verktyg f\u00f6r att hantera ol\u00e4mpligt beteende kan du kontakta oss f\u00f6r en kostnadsfri utbildning. Vi erbjuder skolningar f\u00f6r professionella och frivilliga som arbetar med fritidsaktiviteter samt f\u00f6rdjupande utbildningar f\u00f6r trakasseriombud. Kontakta oss p\u00e5 etoleyksin(a)vaestoliitto.fi om du vill veta mera eller om du vill boka in en skolning f\u00f6r just din f\u00f6rening.<\/p>\n<p><a href=\"https:\/\/www.etoleyksin.fi\/sv\/webbkurs\/\">Bekanta dig ocks\u00e5 med v\u00e5ra kostnadsfria onlinekurser, som \u00e4r \u00f6ppna f\u00f6r alla.<\/a><\/p>\n<blockquote><p>&nbsp;<\/p><\/blockquote>\n<p>&nbsp;<\/p>\n[\/vc_column_text][\/vc_column][\/vc_row]\n<\/div>","protected":false},"excerpt":{"rendered":"<p>[vc_row][vc_column][vc_column_text margin_bottom=&#8221;0&#8243; css=&#8221;.vc_custom_1774859817182{margin-bottom: 0px !important;}&#8221;] Best\u00e4ll en gratis skolning Om din f\u00f6rening eller organisation vill st\u00e4rka sin kompetens f\u00f6r att f\u00f6rebygga trakasserier och v\u00e5ld samt f\u00e5 verktyg f\u00f6r att hantera ol\u00e4mpligt beteende kan du kontakta oss f\u00f6r en kostnadsfri utbildning. Vi erbjuder skolningar f\u00f6r professionella och frivilliga som arbetar med fritidsaktiviteter samt f\u00f6rdjupande utbildningar f\u00f6r [&hellip;]<\/p>\n","protected":false},"author":17,"featured_media":1789,"parent":0,"menu_order":2,"comment_status":"closed","ping_status":"closed","template":"","meta":{"_uf_show_specific_survey":0,"_uf_disable_surveys":false,"footnotes":""},"class_list":["post-3736","page","type-page","status-publish","has-post-thumbnail","hentry"],"yoast_head":"<!-- This site is optimized with the Yoast SEO plugin v27.3 - https:\/\/yoast.com\/product\/yoast-seo-wordpress\/ -->\n<title>Skolningar - Et ole yksin<\/title>\n<meta name=\"description\" content=\"Du \u00e4r inte ensam -tj\u00e4nstens kostandsfria skolningar i att f\u00f6rebygga v\u00e5ld och trakasserier inom fritidsaktiviteter.\" \/>\n<meta name=\"robots\" content=\"index, follow, max-snippet:-1, max-image-preview:large, max-video-preview:-1\" \/>\n<link rel=\"canonical\" href=\"https:\/\/www.etoleyksin.fi\/sv\/skolningar\/\" \/>\n<meta property=\"og:locale\" content=\"sv_SE\" \/>\n<meta property=\"og:type\" content=\"article\" \/>\n<meta property=\"og:title\" content=\"Skolningar - Et ole yksin\" \/>\n<meta property=\"og:description\" content=\"Du \u00e4r inte ensam -tj\u00e4nstens kostandsfria skolningar i att f\u00f6rebygga v\u00e5ld och trakasserier inom fritidsaktiviteter.\" \/>\n<meta property=\"og:url\" content=\"https:\/\/www.etoleyksin.fi\/sv\/skolningar\/\" \/>\n<meta property=\"og:site_name\" content=\"Et ole yksin\" \/>\n<meta property=\"article:modified_time\" content=\"2026-03-30T08:36:14+00:00\" \/>\n<meta property=\"og:image\" content=\"https:\/\/www.etoleyksin.fi\/wp-content\/uploads\/2019\/05\/shutterstock_58757200.jpg\" \/>\n\t<meta property=\"og:image:width\" content=\"1900\" \/>\n\t<meta property=\"og:image:height\" content=\"1267\" \/>\n\t<meta property=\"og:image:type\" content=\"image\/jpeg\" \/>\n<meta name=\"twitter:card\" content=\"summary_large_image\" \/>\n<meta name=\"twitter:label1\" content=\"Ber\u00e4knad l\u00e4stid\" \/>\n\t<meta name=\"twitter:data1\" content=\"1 minut\" \/>\n<script type=\"application\/ld+json\" class=\"yoast-schema-graph\">{\"@context\":\"https:\\\/\\\/schema.org\",\"@graph\":[{\"@type\":\"WebPage\",\"@id\":\"https:\\\/\\\/www.etoleyksin.fi\\\/sv\\\/skolningar\\\/\",\"url\":\"https:\\\/\\\/www.etoleyksin.fi\\\/sv\\\/skolningar\\\/\",\"name\":\"Skolningar - Et ole yksin\",\"isPartOf\":{\"@id\":\"https:\\\/\\\/www.etoleyksin.fi\\\/#website\"},\"primaryImageOfPage\":{\"@id\":\"https:\\\/\\\/www.etoleyksin.fi\\\/sv\\\/skolningar\\\/#primaryimage\"},\"image\":{\"@id\":\"https:\\\/\\\/www.etoleyksin.fi\\\/sv\\\/skolningar\\\/#primaryimage\"},\"thumbnailUrl\":\"https:\\\/\\\/www.etoleyksin.fi\\\/wp-content\\\/uploads\\\/2019\\\/05\\\/shutterstock_58757200.jpg\",\"datePublished\":\"2025-04-30T07:39:21+00:00\",\"dateModified\":\"2026-03-30T08:36:14+00:00\",\"description\":\"Du \u00e4r inte ensam -tj\u00e4nstens kostandsfria skolningar i att f\u00f6rebygga v\u00e5ld och trakasserier inom fritidsaktiviteter.\",\"breadcrumb\":{\"@id\":\"https:\\\/\\\/www.etoleyksin.fi\\\/sv\\\/skolningar\\\/#breadcrumb\"},\"inLanguage\":\"sv-SE\",\"potentialAction\":[{\"@type\":\"ReadAction\",\"target\":[\"https:\\\/\\\/www.etoleyksin.fi\\\/sv\\\/skolningar\\\/\"]}]},{\"@type\":\"ImageObject\",\"inLanguage\":\"sv-SE\",\"@id\":\"https:\\\/\\\/www.etoleyksin.fi\\\/sv\\\/skolningar\\\/#primaryimage\",\"url\":\"https:\\\/\\\/www.etoleyksin.fi\\\/wp-content\\\/uploads\\\/2019\\\/05\\\/shutterstock_58757200.jpg\",\"contentUrl\":\"https:\\\/\\\/www.etoleyksin.fi\\\/wp-content\\\/uploads\\\/2019\\\/05\\\/shutterstock_58757200.jpg\",\"width\":1900,\"height\":1267},{\"@type\":\"BreadcrumbList\",\"@id\":\"https:\\\/\\\/www.etoleyksin.fi\\\/sv\\\/skolningar\\\/#breadcrumb\",\"itemListElement\":[{\"@type\":\"ListItem\",\"position\":1,\"name\":\"Home\",\"item\":\"https:\\\/\\\/www.etoleyksin.fi\\\/sv\\\/\"},{\"@type\":\"ListItem\",\"position\":2,\"name\":\"Skolningar\"}]},{\"@type\":\"WebSite\",\"@id\":\"https:\\\/\\\/www.etoleyksin.fi\\\/#website\",\"url\":\"https:\\\/\\\/www.etoleyksin.fi\\\/\",\"name\":\"Et ole yksin\",\"description\":\"Et ole yksin on palvelu ep\u00e4asiallista k\u00e4ytt\u00e4ytymist\u00e4, h\u00e4irint\u00e4\u00e4 tai v\u00e4kivaltaa urheilussa kohdanneille.\",\"potentialAction\":[{\"@type\":\"SearchAction\",\"target\":{\"@type\":\"EntryPoint\",\"urlTemplate\":\"https:\\\/\\\/www.etoleyksin.fi\\\/?s={search_term_string}\"},\"query-input\":{\"@type\":\"PropertyValueSpecification\",\"valueRequired\":true,\"valueName\":\"search_term_string\"}}],\"inLanguage\":\"sv-SE\"}]}<\/script>\n<!-- \/ Yoast SEO plugin. -->","yoast_head_json":{"title":"Skolningar - Et ole yksin","description":"Du \u00e4r inte ensam -tj\u00e4nstens kostandsfria skolningar i att f\u00f6rebygga v\u00e5ld och trakasserier inom fritidsaktiviteter.","robots":{"index":"index","follow":"follow","max-snippet":"max-snippet:-1","max-image-preview":"max-image-preview:large","max-video-preview":"max-video-preview:-1"},"canonical":"https:\/\/www.etoleyksin.fi\/sv\/skolningar\/","og_locale":"sv_SE","og_type":"article","og_title":"Skolningar - Et ole yksin","og_description":"Du \u00e4r inte ensam -tj\u00e4nstens kostandsfria skolningar i att f\u00f6rebygga v\u00e5ld och trakasserier inom fritidsaktiviteter.","og_url":"https:\/\/www.etoleyksin.fi\/sv\/skolningar\/","og_site_name":"Et ole yksin","article_modified_time":"2026-03-30T08:36:14+00:00","og_image":[{"width":1900,"height":1267,"url":"https:\/\/www.etoleyksin.fi\/wp-content\/uploads\/2019\/05\/shutterstock_58757200.jpg","type":"image\/jpeg"}],"twitter_card":"summary_large_image","twitter_misc":{"Ber\u00e4knad l\u00e4stid":"1 minut"},"schema":{"@context":"https:\/\/schema.org","@graph":[{"@type":"WebPage","@id":"https:\/\/www.etoleyksin.fi\/sv\/skolningar\/","url":"https:\/\/www.etoleyksin.fi\/sv\/skolningar\/","name":"Skolningar - Et ole yksin","isPartOf":{"@id":"https:\/\/www.etoleyksin.fi\/#website"},"primaryImageOfPage":{"@id":"https:\/\/www.etoleyksin.fi\/sv\/skolningar\/#primaryimage"},"image":{"@id":"https:\/\/www.etoleyksin.fi\/sv\/skolningar\/#primaryimage"},"thumbnailUrl":"https:\/\/www.etoleyksin.fi\/wp-content\/uploads\/2019\/05\/shutterstock_58757200.jpg","datePublished":"2025-04-30T07:39:21+00:00","dateModified":"2026-03-30T08:36:14+00:00","description":"Du \u00e4r inte ensam -tj\u00e4nstens kostandsfria skolningar i att f\u00f6rebygga v\u00e5ld och trakasserier inom fritidsaktiviteter.","breadcrumb":{"@id":"https:\/\/www.etoleyksin.fi\/sv\/skolningar\/#breadcrumb"},"inLanguage":"sv-SE","potentialAction":[{"@type":"ReadAction","target":["https:\/\/www.etoleyksin.fi\/sv\/skolningar\/"]}]},{"@type":"ImageObject","inLanguage":"sv-SE","@id":"https:\/\/www.etoleyksin.fi\/sv\/skolningar\/#primaryimage","url":"https:\/\/www.etoleyksin.fi\/wp-content\/uploads\/2019\/05\/shutterstock_58757200.jpg","contentUrl":"https:\/\/www.etoleyksin.fi\/wp-content\/uploads\/2019\/05\/shutterstock_58757200.jpg","width":1900,"height":1267},{"@type":"BreadcrumbList","@id":"https:\/\/www.etoleyksin.fi\/sv\/skolningar\/#breadcrumb","itemListElement":[{"@type":"ListItem","position":1,"name":"Home","item":"https:\/\/www.etoleyksin.fi\/sv\/"},{"@type":"ListItem","position":2,"name":"Skolningar"}]},{"@type":"WebSite","@id":"https:\/\/www.etoleyksin.fi\/#website","url":"https:\/\/www.etoleyksin.fi\/","name":"Et ole yksin","description":"Et ole yksin on palvelu ep\u00e4asiallista k\u00e4ytt\u00e4ytymist\u00e4, h\u00e4irint\u00e4\u00e4 tai v\u00e4kivaltaa urheilussa kohdanneille.","potentialAction":[{"@type":"SearchAction","target":{"@type":"EntryPoint","urlTemplate":"https:\/\/www.etoleyksin.fi\/?s={search_term_string}"},"query-input":{"@type":"PropertyValueSpecification","valueRequired":true,"valueName":"search_term_string"}}],"inLanguage":"sv-SE"}]}},"_links":{"self":[{"href":"https:\/\/www.etoleyksin.fi\/sv\/wp-json\/wp\/v2\/pages\/3736","targetHints":{"allow":["GET"]}}],"collection":[{"href":"https:\/\/www.etoleyksin.fi\/sv\/wp-json\/wp\/v2\/pages"}],"about":[{"href":"https:\/\/www.etoleyksin.fi\/sv\/wp-json\/wp\/v2\/types\/page"}],"author":[{"embeddable":true,"href":"https:\/\/www.etoleyksin.fi\/sv\/wp-json\/wp\/v2\/users\/17"}],"replies":[{"embeddable":true,"href":"https:\/\/www.etoleyksin.fi\/sv\/wp-json\/wp\/v2\/comments?post=3736"}],"version-history":[{"count":3,"href":"https:\/\/www.etoleyksin.fi\/sv\/wp-json\/wp\/v2\/pages\/3736\/revisions"}],"predecessor-version":[{"id":4333,"href":"https:\/\/www.etoleyksin.fi\/sv\/wp-json\/wp\/v2\/pages\/3736\/revisions\/4333"}],"wp:featuredmedia":[{"embeddable":true,"href":"https:\/\/www.etoleyksin.fi\/sv\/wp-json\/wp\/v2\/media\/1789"}],"wp:attachment":[{"href":"https:\/\/www.etoleyksin.fi\/sv\/wp-json\/wp\/v2\/media?parent=3736"}],"curies":[{"name":"wp","href":"https:\/\/api.w.org\/{rel}","templated":true}]}}