{"id":3799,"date":"2025-06-17T13:13:02","date_gmt":"2025-06-17T10:13:02","guid":{"rendered":"https:\/\/www.etoleyksin.fi\/god-praxis\/"},"modified":"2025-06-17T13:13:03","modified_gmt":"2025-06-17T10:13:03","slug":"god-praxis","status":"publish","type":"page","link":"https:\/\/www.etoleyksin.fi\/sv\/god-praxis\/","title":{"rendered":"God praxis"},"content":{"rendered":"<div class=\"wpb-content-wrapper\">[mk_page_section bg_image=&#8221;https:\/\/www.etoleyksin.fi\/wp-content\/uploads\/2019\/05\/shutterstock_58757200.jpg&#8221; bg_position=&#8221;center center&#8221; bg_repeat=&#8221;no-repeat&#8221; bg_stretch=&#8221;true&#8221; video_color_mask=&#8221;#000000&#8243; video_opacity=&#8221;0.1&#8243; full_width=&#8221;true&#8221; has_bottom_shape_divider=&#8221;true&#8221; sidebar=&#8221;sidebar-1&#8243;][vc_column][mk_padding_divider size=&#8221;140&#8243;][mk_padding_divider size=&#8221;20&#8243; visibility=&#8221;visible-tl&#8221;][mk_padding_divider size=&#8221;60&#8243; visibility=&#8221;hidden-sm&#8221;][vc_row_inner visibility=&#8221;visible-tl&#8221;][vc_column_inner width=&#8221;1\/6&#8243;][\/vc_column_inner][vc_column_inner width=&#8221;2\/3&#8243;][mk_custom_box bg_color=&#8221;rgba(0,0,0,0.3)&#8221;][\/mk_custom_box][\/vc_column_inner][vc_column_inner width=&#8221;1\/6&#8243;][\/vc_column_inner][\/vc_row_inner][vc_row_inner visibility=&#8221;hidden-tl&#8221;][vc_column_inner width=&#8221;1\/3&#8243;][\/vc_column_inner][vc_column_inner width=&#8221;1\/3&#8243;][mk_custom_box bg_color=&#8221;rgba(33,33,33,0.3)&#8221;][mk_fancy_title strip_tags=&#8221;true&#8221; tag_name=&#8221;h1&#8243; color=&#8221;#ffffff&#8221; size=&#8221;34&#8243; force_font_size=&#8221;true&#8221; size_tablet=&#8221;30&#8243; size_phone=&#8221;25&#8243; font_weight=&#8221;500&#8243; margin_bottom=&#8221;10&#8243; font_family=&#8221;none&#8221; align=&#8221;center&#8221;]\n<h2 style=\"text-align: center;\"><span style=\"color: #ffffff;\">God praxis<\/span><\/h2>\n[\/mk_fancy_title][\/mk_custom_box][\/vc_column_inner][vc_column_inner width=&#8221;1\/3&#8243;][\/vc_column_inner][\/vc_row_inner][mk_padding_divider size=&#8221;90&#8243;][mk_padding_divider size=&#8221;90&#8243; visibility=&#8221;hidden-sm&#8221;][\/vc_column][\/mk_page_section][vc_row][vc_column][mk_padding_divider size=&#8221;50&#8243;][mk_padding_divider size=&#8221;20&#8243; visibility=&#8221;hidden-tl&#8221;][mk_padding_divider size=&#8221;20&#8243; visibility=&#8221;hidden-sm&#8221;][\/vc_column][\/vc_row][vc_row][vc_column][vc_column_text css=&#8221;.vc_custom_1710312970877{margin-bottom: 0px !important;}&#8221;]Du \u00e4r inte ensam -tj\u00e4nsten producerar material f\u00f6r idrottsf\u00f6reningar, idrottsf\u00f6rbund och tr\u00e4nare f\u00f6r att st\u00f6dja f\u00f6rebyggande och ingripande av trakasserier, mobbning, v\u00e5ld och ol\u00e4mpligt beteende.<a href=\"https:\/\/www.etoleyksin.fi\/sv\/materialbank\/\"> Du hittar det material som vi har producerat i v\u00e5r materialbank h\u00e4r.<\/a><\/p>\n<p>P\u00e5 den h\u00e4r sidan har vi samlat bra material och praxis fr\u00e5n andra organisationer och intressenter inom idrotten som har kontaktat oss. Materialen \u00e4r antingen offentliga dokument eller anonymiserade fallstudier. Du kan skicka anonymiserade exempel fr\u00e5n din klubb till de sakkuniga p\u00e5 Du \u00e4r inte ensam -tj\u00e4nsten , s\u00e5 l\u00e4ggs de till i listan.<\/p>\n<p>Om du inte hittar hj\u00e4lp i materialet nedan kan du kontakta\u00a0 Du \u00e4r inte ensam -tj\u00e4nsten s\u00e5 hj\u00e4lper v\u00e5ra experter dig.<\/p>\n<p>Tillsvidare har vi samlat in material p\u00e5 finska. Tipsa oss g\u00e4rna om svenskspr\u00e5kiga material p\u00e5 etoleyksin(a)vaestoliitto.fi![\/vc_column_text][mk_padding_divider size=&#8221;20&#8243;][mk_ornamental_title text_color=&#8221;#000000&#8243; font_family=&#8221;none&#8221; font_size=&#8221;18&#8243; font_weight=&#8221;bold&#8221; ornament_style=&#8221;lemo-single&#8221; ornament_color=&#8221;#000000&#8243; ornament_thickness=&#8221;3&#8243;]\n<h3>Material f\u00f6r att f\u00f6rebygga mobbning och f\u00f6r att bygga en trygg gruppverksamhet<\/h3>\n[\/mk_ornamental_title][vc_column_text css=&#8221;.vc_custom_1747203865143{margin-bottom: 0px !important;}&#8221;]\n<ul>\n<li><a href=\"https:\/\/cdn.mll.fi\/prod\/2019\/03\/07091017\/Raportti-vanhempien-ja-valmentajien-urheilukyselyist%C3%A4-6.3.20191.pdf\">Mannerheimin Lastensuojeluliitto: &#8221;T\u00e4m\u00e4n ik\u00e4isen\u00e4 pit\u00e4\u00e4 viel\u00e4 harrastaa monipuolisesti erilaisia asioita&#8221; &#8211; vanhempien ja valmentajien n\u00e4kemyksi\u00e4 turvallisesta harrastusryhm\u00e4st\u00e4, raportti kyselyst\u00e4 ja kehitt\u00e4misehdotuksia seuroille, 2019.<\/a><\/li>\n<li><a href=\"https:\/\/www.mll.fi\/aineistot\/idrott-dialogduk-finsk-slutlig\/\">Mannerheimin Lastensuojeluliitto ja Folkh\u00e4lsan: Dialogikartta urheiluseuran arvokeskusteluun<\/a><\/li>\n<li><a href=\"https:\/\/www.mll.fi\/blogi\/aikuinen-ala-sano-nain-kiusatulle\/\" target=\"_blank\" rel=\"noopener\">Mannerheimin Lastensuojeluliiton blogi: Aikuinen, \u00e4l\u00e4 sano n\u00e4in kiusatulle<\/a><\/li>\n<li><a href=\"https:\/\/www.hel.fi\/static\/julkaisut\/kulttuuri-vapaa-aika\/aloittelijan-opas-yhdenvertaisempaan-pelitoimintaan.pdf\">Non-toxic -hanke &amp; Helsingin kaupunki: Aloittelijan opas yhdenvertaisempaan pelitoimintaan<\/a><\/li>\n<\/ul>\n[\/vc_column_text][mk_padding_divider size=&#8221;20&#8243;][mk_ornamental_title text_color=&#8221;#000000&#8243; font_family=&#8221;none&#8221; font_size=&#8221;18&#8243; font_weight=&#8221;bold&#8221; ornament_style=&#8221;lemo-single&#8221; ornament_color=&#8221;#000000&#8243; ornament_thickness=&#8221;3&#8243;]\n<h3>Material om sexuella trakasserier och sexuellt v\u00e5ld<\/h3>\n[\/mk_ornamental_title][vc_column_text css=&#8221;.vc_custom_1710312808603{margin-bottom: 0px !important;}&#8221;]\n<ul>\n<li><a href=\"https:\/\/www.koordinaatti.fi\/fi\/koordinaatti\/palvelut\/osaamisen-vahvistaminen\/seksuaalivakivallan-ja-groomingin-ennaltaehkaisy\">Nuorisoalan osaamiskeskus Koordinaatin materiaalit seksuaaliv\u00e4kivallan ennaltaehk\u00e4isyyn<\/a><\/li>\n<li><a href=\"https:\/\/suomendelfins.fi\/materiaalipankki\/\">Delfins materiaalipankki<\/a><\/li>\n<li><a href=\"https:\/\/www.olympiakomitea.fi\/uploads\/2019\/10\/64dcb932-lupa-valittaa-lupa-puuttua.pdf\" target=\"_blank\" rel=\"noopener\">Olympiakomitean tomintaohjeet: Lupa v\u00e4litt\u00e4\u00e4, lupa puuttua Seksuaalinen ja sukupuoleen perusta h\u00e4irint\u00e4 urheilussa<\/a><\/li>\n<li><a href=\"\/Users\/nea.back\/Downloads\/THL_Miten-kohdata-12-19v-nuori-jonka-epaillaan-kok-seks.pdf\" target=\"_blank\" rel=\"noopener\">Miten kohdata 12\u201319-vuotias nuori, jonka ep\u00e4ill\u00e4\u00e4n kokeneen seksuaaliv\u00e4kivaltaa? \u2013 Tietopaketti ammattilaiselle (Barnahus, THL)<\/a><\/li>\n<li><a href=\"https:\/\/www.hyvakysymys.fi\/artikkeli\/seksuaalinen-hairinta\/\" target=\"_blank\" rel=\"noopener\">Mit\u00e4 on seksuaalinen h\u00e4irint\u00e4? (Nuorten V\u00e4est\u00f6liiton artikkeli)<\/a><\/li>\n<\/ul>\n[\/vc_column_text][mk_padding_divider size=&#8221;20&#8243;][mk_ornamental_title text_color=&#8221;#000000&#8243; font_family=&#8221;none&#8221; font_size=&#8221;18&#8243; font_weight=&#8221;bold&#8221; ornament_style=&#8221;lemo-single&#8221; ornament_color=&#8221;#000000&#8243; ornament_thickness=&#8221;3&#8243;]\n<h3>Idrottsakt\u00f6rers policyn, regler och andra material<\/h3>\n[\/mk_ornamental_title][vc_column_text css=&#8221;.vc_custom_1709274327401{margin-bottom: 0px !important;}&#8221;]\n<ul>\n<li><a href=\"https:\/\/www.suomenvalmentajat.fi\/site\/assets\/files\/4975\/suval_ohjeistushairinnanestamiseksi.pdf\">Suomen Valmentajat: Ohjeistus valmentajille urheilussa tapahtuvan h\u00e4irinn\u00e4n ehk\u00e4isemiseksi<\/a><\/li>\n<li><a href=\"https:\/\/www.etoleyksin.fi\/wp-content\/uploads\/2024\/03\/karaten-kh-pikaohje_kamppailijoille_tapanilan-era.pdf.pdf\">Tapanilan Er\u00e4 Karate -seuran flyer kamppailijoille kiusaamisesta ja h\u00e4irinn\u00e4st\u00e4<\/a><\/li>\n<li><a href=\"https:\/\/www.etoleyksin.fi\/wp-content\/uploads\/2024\/03\/karaten-kh-pikaohje-ohjaajille_tapanilan-era.pdf.pdf\">Tapanilan Er\u00e4 Karate -seuran flyer ohjaajille kiusaamisesta ja h\u00e4irinn\u00e4st\u00e4<\/a><\/li>\n<\/ul>\n[\/vc_column_text][mk_padding_divider size=&#8221;20&#8243;][mk_ornamental_title text_color=&#8221;#000000&#8243; font_family=&#8221;none&#8221; font_size=&#8221;18&#8243; font_weight=&#8221;bold&#8221; ornament_style=&#8221;lemo-single&#8221; ornament_color=&#8221;#000000&#8243; ornament_thickness=&#8221;3&#8243;]Anm\u00e4lningsplikt[\/mk_ornamental_title][vc_column_text css=&#8221;.vc_custom_1749636121132{margin-bottom: 0px !important;}&#8221;]\n<ul>\n<li><a href=\"https:\/\/www.etoleyksin.fi\/wp-content\/uploads\/2025\/06\/ilmoitusvelvollisuus_et-ole-yksin-ohry-1.pdf\">Lastensuojelulain 25 \u00a7 mukainen velvollisuus tehd\u00e4 ilmoitus poliisille &#8211; Ylikomisario Saara Asmundela<\/a><\/li>\n<\/ul>\n[\/vc_column_text][mk_padding_divider][mk_ornamental_title text_color=&#8221;#000000&#8243; font_family=&#8221;none&#8221; font_size=&#8221;18&#8243; font_weight=&#8221;bold&#8221; ornament_style=&#8221;lemo-single&#8221; ornament_color=&#8221;#000000&#8243; ornament_thickness=&#8221;3&#8243;]Exempelcase[\/mk_ornamental_title][vc_column_text css=&#8221;.vc_custom_1706698322605{margin-bottom: 0px !important;}&#8221;]\n<ul>\n<li><a href=\"https:\/\/www.etoleyksin.fi\/wp-content\/uploads\/2024\/01\/kiusaaminen-joukkueessa-esimerkki.pdf\">Kiusaaminen joukkueessa -esimerkki seuran k\u00e4sittelyst\u00e4<\/a><\/li>\n<\/ul>\n[\/vc_column_text][mk_padding_divider][mk_padding_divider][\/vc_column][\/vc_row][vc_row][vc_column][mk_padding_divider visibility=&#8221;hidden-sm&#8221;][mk_padding_divider size=&#8221;20&#8243; visibility=&#8221;hidden-tl&#8221;][mk_padding_divider size=&#8221;20&#8243;][\/vc_column][\/vc_row]\n<\/div>","protected":false},"excerpt":{"rendered":"<p>[mk_page_section bg_image=&#8221;https:\/\/www.etoleyksin.fi\/wp-content\/uploads\/2019\/05\/shutterstock_58757200.jpg&#8221; bg_position=&#8221;center center&#8221; bg_repeat=&#8221;no-repeat&#8221; bg_stretch=&#8221;true&#8221; video_color_mask=&#8221;#000000&#8243; video_opacity=&#8221;0.1&#8243; full_width=&#8221;true&#8221; has_bottom_shape_divider=&#8221;true&#8221; sidebar=&#8221;sidebar-1&#8243;][vc_column][mk_padding_divider size=&#8221;140&#8243;][mk_padding_divider size=&#8221;20&#8243; visibility=&#8221;visible-tl&#8221;][mk_padding_divider size=&#8221;60&#8243; visibility=&#8221;hidden-sm&#8221;][vc_row_inner visibility=&#8221;visible-tl&#8221;][vc_column_inner width=&#8221;1\/6&#8243;][\/vc_column_inner][vc_column_inner width=&#8221;2\/3&#8243;][mk_custom_box bg_color=&#8221;rgba(0,0,0,0.3)&#8221;][\/mk_custom_box][\/vc_column_inner][vc_column_inner width=&#8221;1\/6&#8243;][\/vc_column_inner][\/vc_row_inner][vc_row_inner visibility=&#8221;hidden-tl&#8221;][vc_column_inner width=&#8221;1\/3&#8243;][\/vc_column_inner][vc_column_inner width=&#8221;1\/3&#8243;][mk_custom_box bg_color=&#8221;rgba(33,33,33,0.3)&#8221;][mk_fancy_title strip_tags=&#8221;true&#8221; tag_name=&#8221;h1&#8243; color=&#8221;#ffffff&#8221; size=&#8221;34&#8243; force_font_size=&#8221;true&#8221; size_tablet=&#8221;30&#8243; size_phone=&#8221;25&#8243; font_weight=&#8221;500&#8243; margin_bottom=&#8221;10&#8243; font_family=&#8221;none&#8221; align=&#8221;center&#8221;] God praxis [\/mk_fancy_title][\/mk_custom_box][\/vc_column_inner][vc_column_inner width=&#8221;1\/3&#8243;][\/vc_column_inner][\/vc_row_inner][mk_padding_divider size=&#8221;90&#8243;][mk_padding_divider size=&#8221;90&#8243; visibility=&#8221;hidden-sm&#8221;][\/vc_column][\/mk_page_section][vc_row][vc_column][mk_padding_divider size=&#8221;50&#8243;][mk_padding_divider size=&#8221;20&#8243; visibility=&#8221;hidden-tl&#8221;][mk_padding_divider size=&#8221;20&#8243; visibility=&#8221;hidden-sm&#8221;][\/vc_column][\/vc_row][vc_row][vc_column][vc_column_text css=&#8221;.vc_custom_1710312970877{margin-bottom: 0px !important;}&#8221;]Du \u00e4r inte ensam -tj\u00e4nsten [&hellip;]<\/p>\n","protected":false},"author":15,"featured_media":0,"parent":0,"menu_order":0,"comment_status":"closed","ping_status":"closed","template":"","meta":{"_uf_show_specific_survey":0,"_uf_disable_surveys":false,"footnotes":""},"class_list":["post-3799","page","type-page","status-publish","hentry"],"yoast_head":"<!-- This site is optimized with the Yoast SEO plugin v27.5 - https:\/\/yoast.com\/product\/yoast-seo-wordpress\/ -->\n<title>God praxis - Et ole yksin<\/title>\n<meta name=\"description\" content=\"Vi har samlat in bra material och metoder fr\u00e5n andra organisationer och fr\u00e5n de idrottsorganisationer som har kontaktat oss.\" \/>\n<meta name=\"robots\" content=\"index, follow, max-snippet:-1, max-image-preview:large, max-video-preview:-1\" \/>\n<link rel=\"canonical\" href=\"https:\/\/www.etoleyksin.fi\/hyvia-kaytanteita\/\" \/>\n<meta property=\"og:locale\" content=\"sv_SE\" \/>\n<meta property=\"og:type\" content=\"article\" \/>\n<meta property=\"og:title\" content=\"God praxis - Et ole yksin\" \/>\n<meta property=\"og:description\" content=\"Vi har samlat in bra material och metoder fr\u00e5n andra organisationer och fr\u00e5n de idrottsorganisationer som har kontaktat oss.\" \/>\n<meta property=\"og:url\" content=\"https:\/\/www.etoleyksin.fi\/hyvia-kaytanteita\/\" \/>\n<meta property=\"og:site_name\" content=\"Et ole yksin\" \/>\n<meta property=\"article:modified_time\" content=\"2025-06-17T10:13:03+00:00\" \/>\n<meta property=\"og:image\" content=\"https:\/\/www.etoleyksin.fi\/wp-content\/uploads\/2019\/05\/shutterstock_58757200.jpg\" \/>\n\t<meta property=\"og:image:width\" content=\"1900\" \/>\n\t<meta property=\"og:image:height\" content=\"1267\" \/>\n\t<meta property=\"og:image:type\" content=\"image\/jpeg\" \/>\n<meta name=\"twitter:card\" content=\"summary_large_image\" \/>\n<meta name=\"twitter:label1\" content=\"Ber\u00e4knad l\u00e4stid\" \/>\n\t<meta name=\"twitter:data1\" content=\"4 minuter\" \/>\n<script type=\"application\/ld+json\" class=\"yoast-schema-graph\">{\"@context\":\"https:\\\/\\\/schema.org\",\"@graph\":[{\"@type\":\"WebPage\",\"@id\":\"https:\\\/\\\/www.etoleyksin.fi\\\/hyvia-kaytanteita\\\/\",\"url\":\"https:\\\/\\\/www.etoleyksin.fi\\\/hyvia-kaytanteita\\\/\",\"name\":\"God praxis - Et ole yksin\",\"isPartOf\":{\"@id\":\"https:\\\/\\\/www.etoleyksin.fi\\\/#website\"},\"datePublished\":\"2025-06-17T10:13:02+00:00\",\"dateModified\":\"2025-06-17T10:13:03+00:00\",\"description\":\"Vi har samlat in bra material och metoder fr\u00e5n andra organisationer och fr\u00e5n de idrottsorganisationer som har kontaktat oss.\",\"breadcrumb\":{\"@id\":\"https:\\\/\\\/www.etoleyksin.fi\\\/hyvia-kaytanteita\\\/#breadcrumb\"},\"inLanguage\":\"sv-SE\",\"potentialAction\":[{\"@type\":\"ReadAction\",\"target\":[\"https:\\\/\\\/www.etoleyksin.fi\\\/hyvia-kaytanteita\\\/\"]}]},{\"@type\":\"BreadcrumbList\",\"@id\":\"https:\\\/\\\/www.etoleyksin.fi\\\/hyvia-kaytanteita\\\/#breadcrumb\",\"itemListElement\":[{\"@type\":\"ListItem\",\"position\":1,\"name\":\"Home\",\"item\":\"https:\\\/\\\/www.etoleyksin.fi\\\/sv\\\/\"},{\"@type\":\"ListItem\",\"position\":2,\"name\":\"God praxis\"}]},{\"@type\":\"WebSite\",\"@id\":\"https:\\\/\\\/www.etoleyksin.fi\\\/#website\",\"url\":\"https:\\\/\\\/www.etoleyksin.fi\\\/\",\"name\":\"Et ole yksin\",\"description\":\"Et ole yksin on palvelu ep\u00e4asiallista k\u00e4ytt\u00e4ytymist\u00e4, h\u00e4irint\u00e4\u00e4 tai v\u00e4kivaltaa urheilussa kohdanneille.\",\"potentialAction\":[{\"@type\":\"SearchAction\",\"target\":{\"@type\":\"EntryPoint\",\"urlTemplate\":\"https:\\\/\\\/www.etoleyksin.fi\\\/?s={search_term_string}\"},\"query-input\":{\"@type\":\"PropertyValueSpecification\",\"valueRequired\":true,\"valueName\":\"search_term_string\"}}],\"inLanguage\":\"sv-SE\"}]}<\/script>\n<!-- \/ Yoast SEO plugin. -->","yoast_head_json":{"title":"God praxis - Et ole yksin","description":"Vi har samlat in bra material och metoder fr\u00e5n andra organisationer och fr\u00e5n de idrottsorganisationer som har kontaktat oss.","robots":{"index":"index","follow":"follow","max-snippet":"max-snippet:-1","max-image-preview":"max-image-preview:large","max-video-preview":"max-video-preview:-1"},"canonical":"https:\/\/www.etoleyksin.fi\/hyvia-kaytanteita\/","og_locale":"sv_SE","og_type":"article","og_title":"God praxis - Et ole yksin","og_description":"Vi har samlat in bra material och metoder fr\u00e5n andra organisationer och fr\u00e5n de idrottsorganisationer som har kontaktat oss.","og_url":"https:\/\/www.etoleyksin.fi\/hyvia-kaytanteita\/","og_site_name":"Et ole yksin","article_modified_time":"2025-06-17T10:13:03+00:00","og_image":[{"width":1900,"height":1267,"url":"https:\/\/www.etoleyksin.fi\/wp-content\/uploads\/2019\/05\/shutterstock_58757200.jpg","type":"image\/jpeg"}],"twitter_card":"summary_large_image","twitter_misc":{"Ber\u00e4knad l\u00e4stid":"4 minuter"},"schema":{"@context":"https:\/\/schema.org","@graph":[{"@type":"WebPage","@id":"https:\/\/www.etoleyksin.fi\/hyvia-kaytanteita\/","url":"https:\/\/www.etoleyksin.fi\/hyvia-kaytanteita\/","name":"God praxis - Et ole yksin","isPartOf":{"@id":"https:\/\/www.etoleyksin.fi\/#website"},"datePublished":"2025-06-17T10:13:02+00:00","dateModified":"2025-06-17T10:13:03+00:00","description":"Vi har samlat in bra material och metoder fr\u00e5n andra organisationer och fr\u00e5n de idrottsorganisationer som har kontaktat oss.","breadcrumb":{"@id":"https:\/\/www.etoleyksin.fi\/hyvia-kaytanteita\/#breadcrumb"},"inLanguage":"sv-SE","potentialAction":[{"@type":"ReadAction","target":["https:\/\/www.etoleyksin.fi\/hyvia-kaytanteita\/"]}]},{"@type":"BreadcrumbList","@id":"https:\/\/www.etoleyksin.fi\/hyvia-kaytanteita\/#breadcrumb","itemListElement":[{"@type":"ListItem","position":1,"name":"Home","item":"https:\/\/www.etoleyksin.fi\/sv\/"},{"@type":"ListItem","position":2,"name":"God praxis"}]},{"@type":"WebSite","@id":"https:\/\/www.etoleyksin.fi\/#website","url":"https:\/\/www.etoleyksin.fi\/","name":"Et ole yksin","description":"Et ole yksin on palvelu ep\u00e4asiallista k\u00e4ytt\u00e4ytymist\u00e4, h\u00e4irint\u00e4\u00e4 tai v\u00e4kivaltaa urheilussa kohdanneille.","potentialAction":[{"@type":"SearchAction","target":{"@type":"EntryPoint","urlTemplate":"https:\/\/www.etoleyksin.fi\/?s={search_term_string}"},"query-input":{"@type":"PropertyValueSpecification","valueRequired":true,"valueName":"search_term_string"}}],"inLanguage":"sv-SE"}]}},"_links":{"self":[{"href":"https:\/\/www.etoleyksin.fi\/sv\/wp-json\/wp\/v2\/pages\/3799","targetHints":{"allow":["GET"]}}],"collection":[{"href":"https:\/\/www.etoleyksin.fi\/sv\/wp-json\/wp\/v2\/pages"}],"about":[{"href":"https:\/\/www.etoleyksin.fi\/sv\/wp-json\/wp\/v2\/types\/page"}],"author":[{"embeddable":true,"href":"https:\/\/www.etoleyksin.fi\/sv\/wp-json\/wp\/v2\/users\/15"}],"replies":[{"embeddable":true,"href":"https:\/\/www.etoleyksin.fi\/sv\/wp-json\/wp\/v2\/comments?post=3799"}],"version-history":[{"count":2,"href":"https:\/\/www.etoleyksin.fi\/sv\/wp-json\/wp\/v2\/pages\/3799\/revisions"}],"predecessor-version":[{"id":3801,"href":"https:\/\/www.etoleyksin.fi\/sv\/wp-json\/wp\/v2\/pages\/3799\/revisions\/3801"}],"wp:attachment":[{"href":"https:\/\/www.etoleyksin.fi\/sv\/wp-json\/wp\/v2\/media?parent=3799"}],"curies":[{"name":"wp","href":"https:\/\/api.w.org\/{rel}","templated":true}]}}