{"id":3938,"date":"2025-09-23T17:05:21","date_gmt":"2025-09-23T14:05:21","guid":{"rendered":"https:\/\/www.etoleyksin.fi\/?page_id=3938"},"modified":"2025-09-24T09:51:17","modified_gmt":"2025-09-24T06:51:17","slug":"ungdomssektorn","status":"publish","type":"page","link":"https:\/\/www.etoleyksin.fi\/sv\/ungdomssektorn\/","title":{"rendered":"Ungdomssektorn"},"content":{"rendered":"<div class=\"wpb-content-wrapper\">[vc_row][vc_column][vc_column_text css=&#8221;.vc_custom_1758696553135{margin-bottom: 0px !important;}&#8221;]Befolkningsf\u00f6rbundets Du \u00e4r inte ensam -tj\u00e4nst st\u00f6der ungdomsarbetare, ungdomsledare och volont\u00e4rer kostnadsfritt i att f\u00f6rebygga och ingripa i ol\u00e4mpligt beteende och i att utveckla en tryggare tillvaro f\u00f6r alla.<\/p>\n<ul>\n<li><span style=\"text-decoration: underline;\"><a href=\"https:\/\/www.etoleyksin.fi\/sv\/vill-du-prata-med-oss\/\">genom att erbjuda r\u00e5dgivning och samtalsst\u00f6d<\/a><\/span><\/li>\n<li><span style=\"text-decoration: underline;\"><a href=\"https:\/\/www.etoleyksin.fi\/sv\/skolningar\/\">genom att utbilda akt\u00f6rer och trakasseriombud<\/a><\/span><\/li>\n<li><span style=\"text-decoration: underline;\"><a href=\"https:\/\/www.etoleyksin.fi\/sv\/materialbank\/\">genom att ta fram gratis material, s\u00e5som instruktioner, mallar, checklistor och guider<\/a><\/span><\/li>\n<li><span style=\"text-decoration: underline;\"><a href=\"https:\/\/www.etoleyksin.fi\/sv\/webbkurs\/\">en onlinekurs med grundl\u00e4ggande information som kan anv\u00e4ndas f\u00f6r att st\u00e4rka kompetensen hos alla som \u00e4r involverade i aktiviteterna.<\/a><\/span> TIPS: Kursintyget fr\u00e5n kursen kan ocks\u00e5 vara en f\u00f6ruts\u00e4ttning f\u00e5 delta i t.ex. aktiviteter eller annan verksamhet.<\/li>\n<\/ul>\n<p>Om du beh\u00f6ver r\u00e5d, utbildning eller vill diskutera andra former av samarbete, kontakta v\u00e5ra experter:<\/p>\n<p>P\u00e5 finska:<\/p>\n<p>Mikko Kuronen, sakkunnig (ungdomsarbete och -verksamhet)<br \/>\nmikko.kuronen@vaestoliitto.fi<br \/>\n+358 40 667 1044<\/p>\n<p>Heidi Schrooten, sakkunnig (kommunikation)<br \/>\nheidi.schrooten@vaestoliitto.fi<br \/>\n+358 40 705 8444<\/p>\n<p>P\u00e5 svenska:<\/p>\n<p>Nea B\u00e4ck, sakkunnig (idrott)<br \/>\nnea.back@vaestoliitto.fi<br \/>\n+358 40 630 5386<\/p>\n<p>&nbsp;<\/p>\n<p>Du kan ocks\u00e5 kontakta v\u00e5r telefon- eller chattj\u00e4nst n\u00e4r som helst. Om v\u00e5ra sakkunniga \u00e4r upptagna eller v\u00e5r jourtj\u00e4nst \u00e4r st\u00e4ngd kan du ocks\u00e5 l\u00e4mna en kontaktf\u00f6rfr\u00e5gan i v\u00e5r brevl\u00e5da eller via e-post: etoleyksin(at)vaestoliitto.fi. Vi kontaktar dig s\u00e5 snart som m\u00f6jligt.[\/vc_column_text][\/vc_column][\/vc_row]\n<\/div>","protected":false},"excerpt":{"rendered":"<p>[vc_row][vc_column][vc_column_text css=&#8221;.vc_custom_1758696553135{margin-bottom: 0px !important;}&#8221;]Befolkningsf\u00f6rbundets Du \u00e4r inte ensam -tj\u00e4nst st\u00f6der ungdomsarbetare, ungdomsledare och volont\u00e4rer kostnadsfritt i att f\u00f6rebygga och ingripa i ol\u00e4mpligt beteende och i att utveckla en tryggare tillvaro f\u00f6r alla. genom att erbjuda r\u00e5dgivning och samtalsst\u00f6d genom att utbilda akt\u00f6rer och trakasseriombud genom att ta fram gratis material, s\u00e5som instruktioner, mallar, checklistor och [&hellip;]<\/p>\n","protected":false},"author":17,"featured_media":0,"parent":0,"menu_order":0,"comment_status":"closed","ping_status":"closed","template":"","meta":{"_uf_show_specific_survey":0,"_uf_disable_surveys":false,"footnotes":""},"class_list":["post-3938","page","type-page","status-publish","hentry"],"yoast_head":"<!-- This site is optimized with the Yoast SEO plugin v27.3 - https:\/\/yoast.com\/product\/yoast-seo-wordpress\/ -->\n<title>Ungdomssektorn - Et ole yksin<\/title>\n<meta name=\"robots\" content=\"index, follow, max-snippet:-1, max-image-preview:large, max-video-preview:-1\" \/>\n<link rel=\"canonical\" href=\"https:\/\/www.etoleyksin.fi\/sv\/ungdomssektorn\/\" \/>\n<meta property=\"og:locale\" content=\"sv_SE\" \/>\n<meta property=\"og:type\" content=\"article\" \/>\n<meta property=\"og:title\" content=\"Ungdomssektorn - Et ole yksin\" \/>\n<meta property=\"og:description\" content=\"[vc_row][vc_column][vc_column_text css=&#8221;.vc_custom_1758696553135{margin-bottom: 0px !important;}&#8221;]Befolkningsf\u00f6rbundets Du \u00e4r inte ensam -tj\u00e4nst st\u00f6der ungdomsarbetare, ungdomsledare och volont\u00e4rer kostnadsfritt i att f\u00f6rebygga och ingripa i ol\u00e4mpligt beteende och i att utveckla en tryggare tillvaro f\u00f6r alla. genom att erbjuda r\u00e5dgivning och samtalsst\u00f6d genom att utbilda akt\u00f6rer och trakasseriombud genom att ta fram gratis material, s\u00e5som instruktioner, mallar, checklistor och [&hellip;]\" \/>\n<meta property=\"og:url\" content=\"https:\/\/www.etoleyksin.fi\/sv\/ungdomssektorn\/\" \/>\n<meta property=\"og:site_name\" content=\"Et ole yksin\" \/>\n<meta property=\"article:modified_time\" content=\"2025-09-24T06:51:17+00:00\" \/>\n<meta property=\"og:image\" content=\"https:\/\/www.etoleyksin.fi\/wp-content\/uploads\/2019\/05\/shutterstock_58757200.jpg\" \/>\n\t<meta property=\"og:image:width\" content=\"1900\" \/>\n\t<meta property=\"og:image:height\" content=\"1267\" \/>\n\t<meta property=\"og:image:type\" content=\"image\/jpeg\" \/>\n<meta name=\"twitter:card\" content=\"summary_large_image\" \/>\n<meta name=\"twitter:label1\" content=\"Ber\u00e4knad l\u00e4stid\" \/>\n\t<meta name=\"twitter:data1\" content=\"2 minuter\" \/>\n<script type=\"application\/ld+json\" class=\"yoast-schema-graph\">{\"@context\":\"https:\\\/\\\/schema.org\",\"@graph\":[{\"@type\":\"WebPage\",\"@id\":\"https:\\\/\\\/www.etoleyksin.fi\\\/sv\\\/ungdomssektorn\\\/\",\"url\":\"https:\\\/\\\/www.etoleyksin.fi\\\/sv\\\/ungdomssektorn\\\/\",\"name\":\"Ungdomssektorn - Et ole yksin\",\"isPartOf\":{\"@id\":\"https:\\\/\\\/www.etoleyksin.fi\\\/#website\"},\"datePublished\":\"2025-09-23T14:05:21+00:00\",\"dateModified\":\"2025-09-24T06:51:17+00:00\",\"breadcrumb\":{\"@id\":\"https:\\\/\\\/www.etoleyksin.fi\\\/sv\\\/ungdomssektorn\\\/#breadcrumb\"},\"inLanguage\":\"sv-SE\",\"potentialAction\":[{\"@type\":\"ReadAction\",\"target\":[\"https:\\\/\\\/www.etoleyksin.fi\\\/sv\\\/ungdomssektorn\\\/\"]}]},{\"@type\":\"BreadcrumbList\",\"@id\":\"https:\\\/\\\/www.etoleyksin.fi\\\/sv\\\/ungdomssektorn\\\/#breadcrumb\",\"itemListElement\":[{\"@type\":\"ListItem\",\"position\":1,\"name\":\"Home\",\"item\":\"https:\\\/\\\/www.etoleyksin.fi\\\/sv\\\/\"},{\"@type\":\"ListItem\",\"position\":2,\"name\":\"Ungdomssektorn\"}]},{\"@type\":\"WebSite\",\"@id\":\"https:\\\/\\\/www.etoleyksin.fi\\\/#website\",\"url\":\"https:\\\/\\\/www.etoleyksin.fi\\\/\",\"name\":\"Et ole yksin\",\"description\":\"Et ole yksin on palvelu ep\u00e4asiallista k\u00e4ytt\u00e4ytymist\u00e4, h\u00e4irint\u00e4\u00e4 tai v\u00e4kivaltaa urheilussa kohdanneille.\",\"potentialAction\":[{\"@type\":\"SearchAction\",\"target\":{\"@type\":\"EntryPoint\",\"urlTemplate\":\"https:\\\/\\\/www.etoleyksin.fi\\\/?s={search_term_string}\"},\"query-input\":{\"@type\":\"PropertyValueSpecification\",\"valueRequired\":true,\"valueName\":\"search_term_string\"}}],\"inLanguage\":\"sv-SE\"}]}<\/script>\n<!-- \/ Yoast SEO plugin. -->","yoast_head_json":{"title":"Ungdomssektorn - Et ole yksin","robots":{"index":"index","follow":"follow","max-snippet":"max-snippet:-1","max-image-preview":"max-image-preview:large","max-video-preview":"max-video-preview:-1"},"canonical":"https:\/\/www.etoleyksin.fi\/sv\/ungdomssektorn\/","og_locale":"sv_SE","og_type":"article","og_title":"Ungdomssektorn - Et ole yksin","og_description":"[vc_row][vc_column][vc_column_text css=&#8221;.vc_custom_1758696553135{margin-bottom: 0px !important;}&#8221;]Befolkningsf\u00f6rbundets Du \u00e4r inte ensam -tj\u00e4nst st\u00f6der ungdomsarbetare, ungdomsledare och volont\u00e4rer kostnadsfritt i att f\u00f6rebygga och ingripa i ol\u00e4mpligt beteende och i att utveckla en tryggare tillvaro f\u00f6r alla. genom att erbjuda r\u00e5dgivning och samtalsst\u00f6d genom att utbilda akt\u00f6rer och trakasseriombud genom att ta fram gratis material, s\u00e5som instruktioner, mallar, checklistor och [&hellip;]","og_url":"https:\/\/www.etoleyksin.fi\/sv\/ungdomssektorn\/","og_site_name":"Et ole yksin","article_modified_time":"2025-09-24T06:51:17+00:00","og_image":[{"width":1900,"height":1267,"url":"https:\/\/www.etoleyksin.fi\/wp-content\/uploads\/2019\/05\/shutterstock_58757200.jpg","type":"image\/jpeg"}],"twitter_card":"summary_large_image","twitter_misc":{"Ber\u00e4knad l\u00e4stid":"2 minuter"},"schema":{"@context":"https:\/\/schema.org","@graph":[{"@type":"WebPage","@id":"https:\/\/www.etoleyksin.fi\/sv\/ungdomssektorn\/","url":"https:\/\/www.etoleyksin.fi\/sv\/ungdomssektorn\/","name":"Ungdomssektorn - Et ole yksin","isPartOf":{"@id":"https:\/\/www.etoleyksin.fi\/#website"},"datePublished":"2025-09-23T14:05:21+00:00","dateModified":"2025-09-24T06:51:17+00:00","breadcrumb":{"@id":"https:\/\/www.etoleyksin.fi\/sv\/ungdomssektorn\/#breadcrumb"},"inLanguage":"sv-SE","potentialAction":[{"@type":"ReadAction","target":["https:\/\/www.etoleyksin.fi\/sv\/ungdomssektorn\/"]}]},{"@type":"BreadcrumbList","@id":"https:\/\/www.etoleyksin.fi\/sv\/ungdomssektorn\/#breadcrumb","itemListElement":[{"@type":"ListItem","position":1,"name":"Home","item":"https:\/\/www.etoleyksin.fi\/sv\/"},{"@type":"ListItem","position":2,"name":"Ungdomssektorn"}]},{"@type":"WebSite","@id":"https:\/\/www.etoleyksin.fi\/#website","url":"https:\/\/www.etoleyksin.fi\/","name":"Et ole yksin","description":"Et ole yksin on palvelu ep\u00e4asiallista k\u00e4ytt\u00e4ytymist\u00e4, h\u00e4irint\u00e4\u00e4 tai v\u00e4kivaltaa urheilussa kohdanneille.","potentialAction":[{"@type":"SearchAction","target":{"@type":"EntryPoint","urlTemplate":"https:\/\/www.etoleyksin.fi\/?s={search_term_string}"},"query-input":{"@type":"PropertyValueSpecification","valueRequired":true,"valueName":"search_term_string"}}],"inLanguage":"sv-SE"}]}},"_links":{"self":[{"href":"https:\/\/www.etoleyksin.fi\/sv\/wp-json\/wp\/v2\/pages\/3938","targetHints":{"allow":["GET"]}}],"collection":[{"href":"https:\/\/www.etoleyksin.fi\/sv\/wp-json\/wp\/v2\/pages"}],"about":[{"href":"https:\/\/www.etoleyksin.fi\/sv\/wp-json\/wp\/v2\/types\/page"}],"author":[{"embeddable":true,"href":"https:\/\/www.etoleyksin.fi\/sv\/wp-json\/wp\/v2\/users\/17"}],"replies":[{"embeddable":true,"href":"https:\/\/www.etoleyksin.fi\/sv\/wp-json\/wp\/v2\/comments?post=3938"}],"version-history":[{"count":5,"href":"https:\/\/www.etoleyksin.fi\/sv\/wp-json\/wp\/v2\/pages\/3938\/revisions"}],"predecessor-version":[{"id":3951,"href":"https:\/\/www.etoleyksin.fi\/sv\/wp-json\/wp\/v2\/pages\/3938\/revisions\/3951"}],"wp:attachment":[{"href":"https:\/\/www.etoleyksin.fi\/sv\/wp-json\/wp\/v2\/media?parent=3938"}],"curies":[{"name":"wp","href":"https:\/\/api.w.org\/{rel}","templated":true}]}}