{"id":3959,"date":"2025-09-24T11:05:06","date_gmt":"2025-09-24T08:05:06","guid":{"rendered":"https:\/\/www.etoleyksin.fi\/?page_id=3959"},"modified":"2026-03-06T14:04:19","modified_gmt":"2026-03-06T11:04:19","slug":"materialbank-for-trakasseriombud","status":"publish","type":"page","link":"https:\/\/www.etoleyksin.fi\/sv\/materialbank-for-trakasseriombud\/","title":{"rendered":"Materialbank f\u00f6r trakasseriombud"},"content":{"rendered":"<div class=\"wpb-content-wrapper\">[mk_page_section bg_image=&#8221;https:\/\/www.etoleyksin.fi\/wp-content\/uploads\/2019\/05\/shutterstock_58757200.jpg&#8221; bg_position=&#8221;center center&#8221; bg_repeat=&#8221;no-repeat&#8221; bg_stretch=&#8221;true&#8221; video_color_mask=&#8221;#000000&#8243; video_opacity=&#8221;0.1&#8243; full_width=&#8221;true&#8221; has_bottom_shape_divider=&#8221;true&#8221; sidebar=&#8221;sidebar-1&#8243;][vc_column][mk_padding_divider size=&#8221;140&#8243;][mk_padding_divider size=&#8221;20&#8243; visibility=&#8221;visible-tl&#8221;][mk_padding_divider size=&#8221;60&#8243; visibility=&#8221;hidden-sm&#8221;][vc_row_inner visibility=&#8221;visible-tl&#8221;][vc_column_inner width=&#8221;1\/6&#8243;][\/vc_column_inner][vc_column_inner width=&#8221;2\/3&#8243;][mk_custom_box margin_bottom=&#8221;0&#8243; bg_color=&#8221;rgba(0,0,0,0.3)&#8221;][mk_fancy_title strip_tags=&#8221;true&#8221; tag_name=&#8221;h1&#8243; color=&#8221;#ffffff&#8221; size=&#8221;34&#8243; force_font_size=&#8221;true&#8221; size_tablet=&#8221;30&#8243; size_phone=&#8221;25&#8243; font_weight=&#8221;bold&#8221; margin_bottom=&#8221;10&#8243; font_family=&#8221;none&#8221; align=&#8221;center&#8221;]Materialbank[\/mk_fancy_title][\/mk_custom_box][\/vc_column_inner][vc_column_inner width=&#8221;1\/6&#8243;][\/vc_column_inner][\/vc_row_inner][vc_row_inner visibility=&#8221;hidden-tl&#8221;][vc_column_inner width=&#8221;1\/3&#8243;][\/vc_column_inner][vc_column_inner width=&#8221;1\/3&#8243;][mk_custom_box margin_bottom=&#8221;0&#8243; bg_color=&#8221;rgba(0,0,0,0.3)&#8221;][mk_fancy_title strip_tags=&#8221;true&#8221; tag_name=&#8221;h1&#8243; color=&#8221;#ffffff&#8221; size=&#8221;34&#8243; force_font_size=&#8221;true&#8221; size_tablet=&#8221;30&#8243; size_phone=&#8221;25&#8243; font_weight=&#8221;bold&#8221; margin_bottom=&#8221;10&#8243; font_family=&#8221;none&#8221; align=&#8221;center&#8221;]Materialbank f\u00f6r trakasseriombud[\/mk_fancy_title][\/mk_custom_box][\/vc_column_inner][vc_column_inner width=&#8221;1\/3&#8243;][\/vc_column_inner][\/vc_row_inner][mk_padding_divider size=&#8221;90&#8243;][mk_padding_divider size=&#8221;90&#8243; visibility=&#8221;hidden-sm&#8221;][\/vc_column][\/mk_page_section][vc_row][vc_column][mk_padding_divider size=&#8221;50&#8243;][mk_padding_divider size=&#8221;20&#8243; visibility=&#8221;hidden-tl&#8221;][mk_padding_divider size=&#8221;20&#8243; visibility=&#8221;hidden-sm&#8221;][\/vc_column][\/vc_row][vc_row][vc_column][vc_column_text css=&#8221;.vc_custom_1758701087209{margin-bottom: 0px !important;}&#8221;]I Du \u00e4r inte ensam-projektet produceras material som kan anv\u00e4ndas av trakasseriombud vid ungdomssektorn<i>.<\/i><\/p>\n<blockquote><p>Inneh\u00e5llet p\u00e5 denna sida h\u00e5ller f\u00f6r n\u00e4rvarande p\u00e5 att uppdateras.<\/p><\/blockquote>\n[\/vc_column_text][mk_ornamental_title text_color=&#8221;#000000&#8243; font_family=&#8221;none&#8221; font_size=&#8221;18&#8243; font_weight=&#8221;bold&#8221; ornament_style=&#8221;lemo-single&#8221; ornament_color=&#8221;#000000&#8243; ornament_thickness=&#8221;3&#8243;]Trakasseriombudsguide[\/mk_ornamental_title][vc_column_text margin_bottom=&#8221;0&#8243; css=&#8221;.vc_custom_1772795097582{margin-bottom: 0px !important;}&#8221;]<a href=\"https:\/\/www.etoleyksin.fi\/wp-content\/uploads\/2024\/09\/guide-for-trakasseriombud_2024.pdf\">Guide f\u00f6r trakasseriombud inom f\u00f6reningsarbete<\/a><\/p>\n<p><em><a href=\"https:\/\/www.etoleyksin.fi\/wp-content\/uploads\/2024\/09\/guide-for-trakasseriombud_evenemang-.2024.pdf\">Guide f\u00f6r trakasseriombud: Guide f\u00f6r trakasseriombud inom evenemang<\/a><\/em>[\/vc_column_text][mk_padding_divider size=&#8221;20&#8243;][\/vc_column][\/vc_row][vc_row][vc_column][mk_padding_divider size=&#8221;20&#8243;][\/vc_column][\/vc_row]\n<\/div>","protected":false},"excerpt":{"rendered":"<p>[mk_page_section bg_image=&#8221;https:\/\/www.etoleyksin.fi\/wp-content\/uploads\/2019\/05\/shutterstock_58757200.jpg&#8221; bg_position=&#8221;center center&#8221; bg_repeat=&#8221;no-repeat&#8221; bg_stretch=&#8221;true&#8221; video_color_mask=&#8221;#000000&#8243; video_opacity=&#8221;0.1&#8243; full_width=&#8221;true&#8221; has_bottom_shape_divider=&#8221;true&#8221; sidebar=&#8221;sidebar-1&#8243;][vc_column][mk_padding_divider size=&#8221;140&#8243;][mk_padding_divider size=&#8221;20&#8243; visibility=&#8221;visible-tl&#8221;][mk_padding_divider size=&#8221;60&#8243; visibility=&#8221;hidden-sm&#8221;][vc_row_inner visibility=&#8221;visible-tl&#8221;][vc_column_inner width=&#8221;1\/6&#8243;][\/vc_column_inner][vc_column_inner width=&#8221;2\/3&#8243;][mk_custom_box margin_bottom=&#8221;0&#8243; bg_color=&#8221;rgba(0,0,0,0.3)&#8221;][mk_fancy_title strip_tags=&#8221;true&#8221; tag_name=&#8221;h1&#8243; color=&#8221;#ffffff&#8221; size=&#8221;34&#8243; force_font_size=&#8221;true&#8221; size_tablet=&#8221;30&#8243; size_phone=&#8221;25&#8243; font_weight=&#8221;bold&#8221; margin_bottom=&#8221;10&#8243; font_family=&#8221;none&#8221; align=&#8221;center&#8221;]Materialbank[\/mk_fancy_title][\/mk_custom_box][\/vc_column_inner][vc_column_inner width=&#8221;1\/6&#8243;][\/vc_column_inner][\/vc_row_inner][vc_row_inner visibility=&#8221;hidden-tl&#8221;][vc_column_inner width=&#8221;1\/3&#8243;][\/vc_column_inner][vc_column_inner width=&#8221;1\/3&#8243;][mk_custom_box margin_bottom=&#8221;0&#8243; bg_color=&#8221;rgba(0,0,0,0.3)&#8221;][mk_fancy_title strip_tags=&#8221;true&#8221; tag_name=&#8221;h1&#8243; color=&#8221;#ffffff&#8221; size=&#8221;34&#8243; force_font_size=&#8221;true&#8221; size_tablet=&#8221;30&#8243; size_phone=&#8221;25&#8243; font_weight=&#8221;bold&#8221; margin_bottom=&#8221;10&#8243; font_family=&#8221;none&#8221; align=&#8221;center&#8221;]Materialbank f\u00f6r trakasseriombud[\/mk_fancy_title][\/mk_custom_box][\/vc_column_inner][vc_column_inner width=&#8221;1\/3&#8243;][\/vc_column_inner][\/vc_row_inner][mk_padding_divider size=&#8221;90&#8243;][mk_padding_divider size=&#8221;90&#8243; visibility=&#8221;hidden-sm&#8221;][\/vc_column][\/mk_page_section][vc_row][vc_column][mk_padding_divider [&hellip;]<\/p>\n","protected":false},"author":17,"featured_media":0,"parent":0,"menu_order":0,"comment_status":"closed","ping_status":"closed","template":"","meta":{"_uf_show_specific_survey":0,"_uf_disable_surveys":false,"footnotes":""},"class_list":["post-3959","page","type-page","status-publish","hentry"],"yoast_head":"<!-- This site is optimized with the Yoast SEO plugin v27.3 - https:\/\/yoast.com\/product\/yoast-seo-wordpress\/ -->\n<title>Materialbank f\u00f6r trakasseriombud - Et ole yksin<\/title>\n<meta name=\"description\" content=\"Et ole yksin -tj\u00e4nsten materialbank f\u00f6r idrottsf\u00f6reningar, -f\u00f6rbund och tr\u00e4nare. Anvisningar, modellregler, kontrollistor m.m.\" \/>\n<meta name=\"robots\" content=\"index, follow, max-snippet:-1, max-image-preview:large, max-video-preview:-1\" \/>\n<link rel=\"canonical\" href=\"https:\/\/www.etoleyksin.fi\/sv\/materialbank-for-trakasseriombud\/\" \/>\n<meta property=\"og:locale\" content=\"sv_SE\" \/>\n<meta property=\"og:type\" content=\"article\" \/>\n<meta property=\"og:title\" content=\"Materialbank f\u00f6r trakasseriombud - Et ole yksin\" \/>\n<meta property=\"og:description\" content=\"Et ole yksin -tj\u00e4nsten materialbank f\u00f6r idrottsf\u00f6reningar, -f\u00f6rbund och tr\u00e4nare. Anvisningar, modellregler, kontrollistor m.m.\" \/>\n<meta property=\"og:url\" content=\"https:\/\/www.etoleyksin.fi\/sv\/materialbank-for-trakasseriombud\/\" \/>\n<meta property=\"og:site_name\" content=\"Et ole yksin\" \/>\n<meta property=\"article:modified_time\" content=\"2026-03-06T11:04:19+00:00\" \/>\n<meta property=\"og:image\" content=\"https:\/\/www.etoleyksin.fi\/wp-content\/uploads\/2019\/05\/shutterstock_58757200.jpg\" \/>\n\t<meta property=\"og:image:width\" content=\"1900\" \/>\n\t<meta property=\"og:image:height\" content=\"1267\" \/>\n\t<meta property=\"og:image:type\" content=\"image\/jpeg\" \/>\n<meta name=\"twitter:card\" content=\"summary_large_image\" \/>\n<meta name=\"twitter:label1\" content=\"Ber\u00e4knad l\u00e4stid\" \/>\n\t<meta name=\"twitter:data1\" content=\"1 minut\" \/>\n<script type=\"application\/ld+json\" class=\"yoast-schema-graph\">{\"@context\":\"https:\\\/\\\/schema.org\",\"@graph\":[{\"@type\":\"WebPage\",\"@id\":\"https:\\\/\\\/www.etoleyksin.fi\\\/sv\\\/materialbank-for-trakasseriombud\\\/\",\"url\":\"https:\\\/\\\/www.etoleyksin.fi\\\/sv\\\/materialbank-for-trakasseriombud\\\/\",\"name\":\"Materialbank f\u00f6r trakasseriombud - Et ole yksin\",\"isPartOf\":{\"@id\":\"https:\\\/\\\/www.etoleyksin.fi\\\/#website\"},\"datePublished\":\"2025-09-24T08:05:06+00:00\",\"dateModified\":\"2026-03-06T11:04:19+00:00\",\"description\":\"Et ole yksin -tj\u00e4nsten materialbank f\u00f6r idrottsf\u00f6reningar, -f\u00f6rbund och tr\u00e4nare. Anvisningar, modellregler, kontrollistor m.m.\",\"breadcrumb\":{\"@id\":\"https:\\\/\\\/www.etoleyksin.fi\\\/sv\\\/materialbank-for-trakasseriombud\\\/#breadcrumb\"},\"inLanguage\":\"sv-SE\",\"potentialAction\":[{\"@type\":\"ReadAction\",\"target\":[\"https:\\\/\\\/www.etoleyksin.fi\\\/sv\\\/materialbank-for-trakasseriombud\\\/\"]}]},{\"@type\":\"BreadcrumbList\",\"@id\":\"https:\\\/\\\/www.etoleyksin.fi\\\/sv\\\/materialbank-for-trakasseriombud\\\/#breadcrumb\",\"itemListElement\":[{\"@type\":\"ListItem\",\"position\":1,\"name\":\"Home\",\"item\":\"https:\\\/\\\/www.etoleyksin.fi\\\/sv\\\/\"},{\"@type\":\"ListItem\",\"position\":2,\"name\":\"Materialbank f\u00f6r trakasseriombud\"}]},{\"@type\":\"WebSite\",\"@id\":\"https:\\\/\\\/www.etoleyksin.fi\\\/#website\",\"url\":\"https:\\\/\\\/www.etoleyksin.fi\\\/\",\"name\":\"Et ole yksin\",\"description\":\"Et ole yksin on palvelu ep\u00e4asiallista k\u00e4ytt\u00e4ytymist\u00e4, h\u00e4irint\u00e4\u00e4 tai v\u00e4kivaltaa urheilussa kohdanneille.\",\"potentialAction\":[{\"@type\":\"SearchAction\",\"target\":{\"@type\":\"EntryPoint\",\"urlTemplate\":\"https:\\\/\\\/www.etoleyksin.fi\\\/?s={search_term_string}\"},\"query-input\":{\"@type\":\"PropertyValueSpecification\",\"valueRequired\":true,\"valueName\":\"search_term_string\"}}],\"inLanguage\":\"sv-SE\"}]}<\/script>\n<!-- \/ Yoast SEO plugin. -->","yoast_head_json":{"title":"Materialbank f\u00f6r trakasseriombud - Et ole yksin","description":"Et ole yksin -tj\u00e4nsten materialbank f\u00f6r idrottsf\u00f6reningar, -f\u00f6rbund och tr\u00e4nare. Anvisningar, modellregler, kontrollistor m.m.","robots":{"index":"index","follow":"follow","max-snippet":"max-snippet:-1","max-image-preview":"max-image-preview:large","max-video-preview":"max-video-preview:-1"},"canonical":"https:\/\/www.etoleyksin.fi\/sv\/materialbank-for-trakasseriombud\/","og_locale":"sv_SE","og_type":"article","og_title":"Materialbank f\u00f6r trakasseriombud - Et ole yksin","og_description":"Et ole yksin -tj\u00e4nsten materialbank f\u00f6r idrottsf\u00f6reningar, -f\u00f6rbund och tr\u00e4nare. Anvisningar, modellregler, kontrollistor m.m.","og_url":"https:\/\/www.etoleyksin.fi\/sv\/materialbank-for-trakasseriombud\/","og_site_name":"Et ole yksin","article_modified_time":"2026-03-06T11:04:19+00:00","og_image":[{"width":1900,"height":1267,"url":"https:\/\/www.etoleyksin.fi\/wp-content\/uploads\/2019\/05\/shutterstock_58757200.jpg","type":"image\/jpeg"}],"twitter_card":"summary_large_image","twitter_misc":{"Ber\u00e4knad l\u00e4stid":"1 minut"},"schema":{"@context":"https:\/\/schema.org","@graph":[{"@type":"WebPage","@id":"https:\/\/www.etoleyksin.fi\/sv\/materialbank-for-trakasseriombud\/","url":"https:\/\/www.etoleyksin.fi\/sv\/materialbank-for-trakasseriombud\/","name":"Materialbank f\u00f6r trakasseriombud - Et ole yksin","isPartOf":{"@id":"https:\/\/www.etoleyksin.fi\/#website"},"datePublished":"2025-09-24T08:05:06+00:00","dateModified":"2026-03-06T11:04:19+00:00","description":"Et ole yksin -tj\u00e4nsten materialbank f\u00f6r idrottsf\u00f6reningar, -f\u00f6rbund och tr\u00e4nare. Anvisningar, modellregler, kontrollistor m.m.","breadcrumb":{"@id":"https:\/\/www.etoleyksin.fi\/sv\/materialbank-for-trakasseriombud\/#breadcrumb"},"inLanguage":"sv-SE","potentialAction":[{"@type":"ReadAction","target":["https:\/\/www.etoleyksin.fi\/sv\/materialbank-for-trakasseriombud\/"]}]},{"@type":"BreadcrumbList","@id":"https:\/\/www.etoleyksin.fi\/sv\/materialbank-for-trakasseriombud\/#breadcrumb","itemListElement":[{"@type":"ListItem","position":1,"name":"Home","item":"https:\/\/www.etoleyksin.fi\/sv\/"},{"@type":"ListItem","position":2,"name":"Materialbank f\u00f6r trakasseriombud"}]},{"@type":"WebSite","@id":"https:\/\/www.etoleyksin.fi\/#website","url":"https:\/\/www.etoleyksin.fi\/","name":"Et ole yksin","description":"Et ole yksin on palvelu ep\u00e4asiallista k\u00e4ytt\u00e4ytymist\u00e4, h\u00e4irint\u00e4\u00e4 tai v\u00e4kivaltaa urheilussa kohdanneille.","potentialAction":[{"@type":"SearchAction","target":{"@type":"EntryPoint","urlTemplate":"https:\/\/www.etoleyksin.fi\/?s={search_term_string}"},"query-input":{"@type":"PropertyValueSpecification","valueRequired":true,"valueName":"search_term_string"}}],"inLanguage":"sv-SE"}]}},"_links":{"self":[{"href":"https:\/\/www.etoleyksin.fi\/sv\/wp-json\/wp\/v2\/pages\/3959","targetHints":{"allow":["GET"]}}],"collection":[{"href":"https:\/\/www.etoleyksin.fi\/sv\/wp-json\/wp\/v2\/pages"}],"about":[{"href":"https:\/\/www.etoleyksin.fi\/sv\/wp-json\/wp\/v2\/types\/page"}],"author":[{"embeddable":true,"href":"https:\/\/www.etoleyksin.fi\/sv\/wp-json\/wp\/v2\/users\/17"}],"replies":[{"embeddable":true,"href":"https:\/\/www.etoleyksin.fi\/sv\/wp-json\/wp\/v2\/comments?post=3959"}],"version-history":[{"count":3,"href":"https:\/\/www.etoleyksin.fi\/sv\/wp-json\/wp\/v2\/pages\/3959\/revisions"}],"predecessor-version":[{"id":4296,"href":"https:\/\/www.etoleyksin.fi\/sv\/wp-json\/wp\/v2\/pages\/3959\/revisions\/4296"}],"wp:attachment":[{"href":"https:\/\/www.etoleyksin.fi\/sv\/wp-json\/wp\/v2\/media?parent=3959"}],"curies":[{"name":"wp","href":"https:\/\/api.w.org\/{rel}","templated":true}]}}